{"id":1766,"date":"2014-04-28T16:01:15","date_gmt":"2014-04-28T21:01:15","guid":{"rendered":"http:\/\/www.amicaledessommeliers.com\/ASQQ\/?page_id=1766"},"modified":"2014-09-18T21:38:12","modified_gmt":"2014-09-19T02:38:12","slug":"invitation-les-vins-dalsace","status":"publish","type":"page","link":"https:\/\/www.amicaledessommeliers.com\/ASQQ\/?page_id=1766","title":{"rendered":"Invitation &#8211; les vins d&rsquo;Alsace"},"content":{"rendered":"<h2 style=\"text-align: center;\"><a href=\"http:\/\/www.amicaledessommeliers.com\/ASQQ\/wp-content\/uploads\/2014\/04\/82685905_o.jpg\"><img loading=\"lazy\" class=\"aligncenter size-medium wp-image-1769\" src=\"http:\/\/www.amicaledessommeliers.com\/ASQQ\/wp-content\/uploads\/2014\/04\/82685905_o-300x169.jpg\" alt=\"82685905_o\" width=\"300\" height=\"169\" \/><\/a><\/h2>\n<h2 style=\"text-align: center;\">D\u00e9gustation les vins d&rsquo;Alsace<\/h2>\n<p style=\"text-align: justify;\">Situ\u00e9e dans le nord-est de la France, l\u2019Alsace est divis\u00e9e en deux d\u00e9partements : le Bas-Rhin au nord et le Haut-Rhin au sud.<\/p>\n<p style=\"text-align: justify;\">Bien que l\u2019Alsace soit une des plus petites r\u00e9gions de France, elle est bien connue pour ses excellents vins, tels les Riesling, Gewurztraminer et Pinot gris\u00a0pour ne parler que d&rsquo;eux.<\/p>\n<p style=\"text-align: justify;\">Comme bien des r\u00e9gions en France, elle f\u00fbt le th\u00e9\u00e2tre de plusieurs guerres, dont les deux guerres mondiales o\u00f9 elle f\u00fbt envahie par l\u2019Allemagne. D&rsquo;ailleurs, elle utilise plusieurs \u00a0c\u00e9pages communs avec cette derni\u00e8re. N\u00e9anmoins, les origines du vignoble alsacien remontent \u00e0 la p\u00e9riode romaine.<\/p>\n<p style=\"text-align: justify;\">Dans cette d\u00e9gustation, nous aurons l&rsquo;occasion de profiter d&rsquo;un savoir-faire ancestral en d\u00e9gustant plusieurs vins issus de 3 c\u00e9pages typiques de cette r\u00e9gion fran\u00e7aise. Une excellente soir\u00e9e en perspective pour tous nos sens.<\/p>\n<p style=\"text-align: justify;\"><span style=\"line-height: 1.5em;\">Bonne d\u00e9gustation!!!<\/span><\/p>\n<p style=\"text-align: justify;\"><strong>Yannick Bouger<\/strong><\/p>\n<p style=\"text-align: justify;\">Liste des vins en d\u00e9gustation : <span style=\"color: #0000ff;\"><a title=\"Liste de vins : r\u00e9gion d\u2019Alsace\" href=\"http:\/\/www.amicaledessommeliers.com\/ASQQ\/?page_id=1772\" target=\"_blank\"><span style=\"color: #0000ff;\">cliquez ici<\/span><\/a><\/span><\/p>\n<p style=\"text-align: justify;\">&#8212;&#8212;&#8212;&#8212;&#8212;&#8212;&#8212;&#8212;&#8212;-<\/p>\n<h3>L\u2019activit\u00e9 se tiendra\u00a0<strong>le vendredi 03\u00a0octobre 2014 de\u00a019h\u00a0\u00e0 22h :<\/strong><\/h3>\n<p style=\"color: #666666; text-align: center;\">Sanfa\u00e7on &#8211; Logis D\u00e9cor<br \/>\n165, boul. Louis XIV<br \/>\nQu\u00e9bec (QC) \u00a0G2K 1W6<\/p>\n<p style=\"color: #666666;\"><strong>prix membre :\u00a035 $ \/ prix non-membre : 45 $<\/strong><\/p>\n<p style=\"color: #666666;\">Les r\u00e9servations peuvent se faire en contactant directement M. Yannick Bouger au 418 569-3165 ou en remplissant le\u00a0<span style=\"color: #0000ff;\"><a style=\"color: #aaaaaa;\" title=\"Formulaire de r\u00e9servation \u2013 D\u00e9gustation : les vins d\u2019Alsace\" href=\"http:\/\/www.amicaledessommeliers.com\/ASQQ\/?page_id=1738\" target=\"_blank\"><span style=\"color: #0000ff;\">formulaire de r\u00e9servation<\/span><\/a><\/span>.<\/p>\n","protected":false},"excerpt":{"rendered":"<p>D\u00e9gustation les vins d&rsquo;Alsace Situ\u00e9e dans le nord-est de la France, l\u2019Alsace est divis\u00e9e en deux d\u00e9partements : le Bas-Rhin au nord et le Haut-Rhin au sud. Bien que l\u2019Alsace soit une des plus petites r\u00e9gions de France, elle est bien connue pour ses excellents vins, tels les Riesling, Gewurztraminer et Pinot gris\u00a0pour ne parler que d&rsquo;eux. Comme bien des r\u00e9gions en France, elle f\u00fbt le th\u00e9\u00e2tre de plusieurs guerres,<\/p>\n<p><a class=\"more-link\" href=\"https:\/\/www.amicaledessommeliers.com\/ASQQ\/?page_id=1766\">Lire la suite&#8230;<\/a><\/p>\n","protected":false},"author":20,"featured_media":0,"parent":0,"menu_order":0,"comment_status":"open","ping_status":"open","template":"","meta":[],"_links":{"self":[{"href":"https:\/\/www.amicaledessommeliers.com\/ASQQ\/index.php?rest_route=\/wp\/v2\/pages\/1766"}],"collection":[{"href":"https:\/\/www.amicaledessommeliers.com\/ASQQ\/index.php?rest_route=\/wp\/v2\/pages"}],"about":[{"href":"https:\/\/www.amicaledessommeliers.com\/ASQQ\/index.php?rest_route=\/wp\/v2\/types\/page"}],"author":[{"embeddable":true,"href":"https:\/\/www.amicaledessommeliers.com\/ASQQ\/index.php?rest_route=\/wp\/v2\/users\/20"}],"replies":[{"embeddable":true,"href":"https:\/\/www.amicaledessommeliers.com\/ASQQ\/index.php?rest_route=%2Fwp%2Fv2%2Fcomments&post=1766"}],"version-history":[{"count":17,"href":"https:\/\/www.amicaledessommeliers.com\/ASQQ\/index.php?rest_route=\/wp\/v2\/pages\/1766\/revisions"}],"predecessor-version":[{"id":1972,"href":"https:\/\/www.amicaledessommeliers.com\/ASQQ\/index.php?rest_route=\/wp\/v2\/pages\/1766\/revisions\/1972"}],"wp:attachment":[{"href":"https:\/\/www.amicaledessommeliers.com\/ASQQ\/index.php?rest_route=%2Fwp%2Fv2%2Fmedia&parent=1766"}],"curies":[{"name":"wp","href":"https:\/\/api.w.org\/{rel}","templated":true}]}}