{"id":1892,"date":"2014-09-06T09:29:30","date_gmt":"2014-09-06T14:29:30","guid":{"rendered":"http:\/\/www.amicaledessommeliers.com\/ASQQ\/?page_id=1892"},"modified":"2014-09-18T21:42:21","modified_gmt":"2014-09-19T02:42:21","slug":"invitation-barbera-dasti","status":"publish","type":"page","link":"https:\/\/www.amicaledessommeliers.com\/ASQQ\/?page_id=1892","title":{"rendered":"Invitation &#8211; Barbera d&rsquo;Asti"},"content":{"rendered":"<h2 style=\"text-align: center;\">Barbera par-ci, Barbera par-l\u00e0, Barbera d&rsquo;Italia !<\/h2>\n<h4 style=\"text-align: center;\"><strong>Animateur de la soir\u00e9e :\u00a0Chantal Gagnon et Shalon P\u00e9russe<\/strong><\/h4>\n<p style=\"text-align: justify;\">Le barbera est le c\u00e9page rouge le plus r\u00e9pandu en Pi\u00e9mont en Italie et l&rsquo;un des plus grands italiens. Il nous offre des vins color\u00e9s, savoureux, puissants, tanniques et acides, mais aussi des vins de tous les jours. Lors de cette d\u00e9gustation, vous aurez l&rsquo;occasion de d\u00e9guster le Barbera d&rsquo;Asti et le Barbera d&rsquo;Alba. Venez vous joindre \u00e0 nous pour avoir l&rsquo;opportunit\u00e9 de d\u00e9couvrir deux des c\u00e9pages italiens favoris, et ce, en excellente compagnie!<\/p>\n<p style=\"text-align: justify;\">Faites vite les places sont limit\u00e9es, donc r\u00e9servez d\u00e8s maintenant !<\/p>\n<p style=\"text-align: justify;\">Liste des vins en d\u00e9gustation : bient\u00f4t disponible<\/p>\n<p style=\"text-align: justify;\">Chantal et Shalon<\/p>\n<p style=\"text-align: center;\">\u2014\u2014\u2014\u2014\u2014\u2014\u2014\u2014\u2014-<\/p>\n<p style=\"text-align: left;\">L\u2019activit\u00e9 se tiendra <strong>le vendredi 06\u00a0mars 2015 de\u00a019h \u00e0 22h <\/strong>au:<\/p>\n<p style=\"text-align: center;\">Sanfa\u00e7on &#8211; Logis D\u00e9cor<br \/>\n165, boul. Louis XIV<br \/>\nQu\u00e9bec (QC) \u00a0G2K 1W6<\/p>\n<p style=\"text-align: center;\"><strong>prix membre : 35 $ \/ prix non-membre : 45 $<\/strong><\/p>\n<p>Les r\u00e9servations peuvent se faire en contactant directement M. Yannick Bouger au 418 569-3165 ou en remplissant le <span style=\"color: #0000ff;\"><a title=\"Formulaire de r\u00e9servation \u2013 Barbera d\u2019Asti\" href=\"http:\/\/www.amicaledessommeliers.com\/ASQQ\/?page_id=1899\" target=\"_blank\"><span style=\"color: #0000ff;\">formulaire de r\u00e9servation<\/span><\/a><\/span>.<\/p>\n","protected":false},"excerpt":{"rendered":"<p>Barbera par-ci, Barbera par-l\u00e0, Barbera d&rsquo;Italia ! Animateur de la soir\u00e9e :\u00a0Chantal Gagnon et Shalon P\u00e9russe Le barbera est le c\u00e9page rouge le plus r\u00e9pandu en Pi\u00e9mont en Italie et l&rsquo;un des plus grands italiens. Il nous offre des vins color\u00e9s, savoureux, puissants, tanniques et acides, mais aussi des vins de tous les jours. Lors de cette d\u00e9gustation, vous aurez l&rsquo;occasion de d\u00e9guster le Barbera d&rsquo;Asti et le Barbera d&rsquo;Alba.<\/p>\n<p><a class=\"more-link\" href=\"https:\/\/www.amicaledessommeliers.com\/ASQQ\/?page_id=1892\">Lire la suite&#8230;<\/a><\/p>\n","protected":false},"author":20,"featured_media":0,"parent":0,"menu_order":0,"comment_status":"open","ping_status":"open","template":"","meta":[],"_links":{"self":[{"href":"https:\/\/www.amicaledessommeliers.com\/ASQQ\/index.php?rest_route=\/wp\/v2\/pages\/1892"}],"collection":[{"href":"https:\/\/www.amicaledessommeliers.com\/ASQQ\/index.php?rest_route=\/wp\/v2\/pages"}],"about":[{"href":"https:\/\/www.amicaledessommeliers.com\/ASQQ\/index.php?rest_route=\/wp\/v2\/types\/page"}],"author":[{"embeddable":true,"href":"https:\/\/www.amicaledessommeliers.com\/ASQQ\/index.php?rest_route=\/wp\/v2\/users\/20"}],"replies":[{"embeddable":true,"href":"https:\/\/www.amicaledessommeliers.com\/ASQQ\/index.php?rest_route=%2Fwp%2Fv2%2Fcomments&post=1892"}],"version-history":[{"count":11,"href":"https:\/\/www.amicaledessommeliers.com\/ASQQ\/index.php?rest_route=\/wp\/v2\/pages\/1892\/revisions"}],"predecessor-version":[{"id":1975,"href":"https:\/\/www.amicaledessommeliers.com\/ASQQ\/index.php?rest_route=\/wp\/v2\/pages\/1892\/revisions\/1975"}],"wp:attachment":[{"href":"https:\/\/www.amicaledessommeliers.com\/ASQQ\/index.php?rest_route=%2Fwp%2Fv2%2Fmedia&parent=1892"}],"curies":[{"name":"wp","href":"https:\/\/api.w.org\/{rel}","templated":true}]}}