{"id":505,"date":"2013-06-03T17:37:18","date_gmt":"2013-06-04T00:37:18","guid":{"rendered":"http:\/\/www.amicaledessommeliers.com\/ASQQ\/?page_id=505"},"modified":"2019-10-17T14:52:48","modified_gmt":"2019-10-17T19:52:48","slug":"degustations-activites","status":"publish","type":"page","link":"https:\/\/www.amicaledessommeliers.com\/ASQQ\/?page_id=505","title":{"rendered":"Les pinots noirs de ce monde"},"content":{"rendered":"\n<h2>                     Les pinots noirs<\/h2>\n\n\n\n<ul class=\"wp-block-gallery columns-1 is-cropped\"><li class=\"blocks-gallery-item\"><figure><img loading=\"lazy\" width=\"420\" height=\"280\" src=\"http:\/\/www.amicaledessommeliers.com\/ASQQ\/wp-content\/uploads\/2019\/10\/54434081_2097272407031364_2931962534170722304_n-1.jpg\" alt=\"\" data-id=\"2498\" data-link=\"http:\/\/www.amicaledessommeliers.com\/ASQQ\/?attachment_id=2498\" class=\"wp-image-2498\" srcset=\"https:\/\/www.amicaledessommeliers.com\/ASQQ\/wp-content\/uploads\/2019\/10\/54434081_2097272407031364_2931962534170722304_n-1.jpg 420w, https:\/\/www.amicaledessommeliers.com\/ASQQ\/wp-content\/uploads\/2019\/10\/54434081_2097272407031364_2931962534170722304_n-1-300x200.jpg 300w\" sizes=\"(max-width: 420px) 100vw, 420px\" \/><\/figure><\/li><\/ul>\n\n\n\n<h2><br>Quand nous pensons pinot noir, imm\u00e9diatement nous avons en t\u00eate la Bourgogne.<br><br>Mais qu&rsquo;en est-il des pinots qui viennent d&rsquo;ailleurs?<br>Sont-ils aussi fruit\u00e9s, d\u00e9licats, en finesse?<br><br>Pouvons-nous voir la diff\u00e9rence entre un pinot noir d\u2019Oregon, de la Nouvelle-Z\u00e9lande, d&rsquo;Afrique du sud ou de la Bourgogne?<br><br>Durant cette soir\u00e9e, nous allons d\u00e9guster plusieurs pinots noirs provenant de diff\u00e9rents continents.<br>Et le tout \u00e0 l&rsquo;aveugle!!!<br><br>Saurez-vous d\u00e9terminer la provenance de ces vins?<br><br>Bien s\u00fbr, nous offrons toujours la possibilit\u00e9 de vous procurer un plateau de fromages et charcuteries pour seulement&nbsp;25$&nbsp;par personne.<br>De magnifiques produits du terroir qu\u00e9b\u00e9cois!<br><br>Il sera \u00e9galement le temps de renouveler votre membership pour l&rsquo;ann\u00e9e 2019-2020.<br>Le co\u00fbt du membership est seulement de&nbsp;30$&nbsp;par personne, ou&nbsp;55$&nbsp;pour les couples.<br><br>Cette passionnante d\u00e9gustation aura lieu<br><strong><em>jeudi le 7 novembre 2019 \u00e0 19h00<\/em><\/strong>&nbsp;au :<br><br><em><strong>Fairmont le Ch\u00e2teau Frontenac<\/strong><\/em><br><br>Nous passerons cette belle soir\u00e9e dans une salle particuli\u00e8re :<br><br><strong>Le Cellier&nbsp;<\/strong><br><br>Pour vous inscrire, contactez&nbsp;notre pr\u00e9sident Yannick Bouger sur son cellulaire au&nbsp;418&nbsp;931-8488&nbsp;ou par courriel au&nbsp;:&nbsp;<a href=\"mailto:ybouger@gmail.com\" target=\"_blank\" rel=\"noreferrer noopener\">ybouger@gmail.com<\/a>.<br><br>Le co\u00fbt de&nbsp;la d\u00e9gustation est&nbsp;70$&nbsp;pour les membres et de&nbsp;85$&nbsp;pour les non-membres.<br><br>Veuillez noter que&nbsp;<strong>seuls les virements bancaires<\/strong>&nbsp;sont accept\u00e9s afin de confirmer votre inscription.<br>Merci de votre participation \u00e0 tous nos amateurs de bons vins et de bonne bouffe.<br><br>Yannick Bouger<br>Pr\u00e9sident de l&rsquo;ASQ, section de Qu\u00e9bec<\/h2>\n\n\n\n<p><\/p>\n\n\n\n<p><\/p>\n\n\n\n<p><br><\/p>\n","protected":false},"excerpt":{"rendered":"<p>Les pinots noirs Quand nous pensons pinot noir, imm\u00e9diatement nous avons en t\u00eate la Bourgogne. Mais qu&rsquo;en est-il des pinots qui viennent d&rsquo;ailleurs?Sont-ils aussi fruit\u00e9s, d\u00e9licats, en finesse? Pouvons-nous voir la diff\u00e9rence entre un pinot noir d\u2019Oregon, de la Nouvelle-Z\u00e9lande, d&rsquo;Afrique du sud ou de la Bourgogne? Durant cette soir\u00e9e, nous allons d\u00e9guster plusieurs pinots noirs provenant de diff\u00e9rents continents.Et le tout \u00e0 l&rsquo;aveugle!!! Saurez-vous d\u00e9terminer la provenance de ces<\/p>\n<p><a class=\"more-link\" href=\"https:\/\/www.amicaledessommeliers.com\/ASQQ\/?page_id=505\">Lire la suite&#8230;<\/a><\/p>\n","protected":false},"author":20,"featured_media":0,"parent":0,"menu_order":0,"comment_status":"open","ping_status":"open","template":"","meta":[],"_links":{"self":[{"href":"https:\/\/www.amicaledessommeliers.com\/ASQQ\/index.php?rest_route=\/wp\/v2\/pages\/505"}],"collection":[{"href":"https:\/\/www.amicaledessommeliers.com\/ASQQ\/index.php?rest_route=\/wp\/v2\/pages"}],"about":[{"href":"https:\/\/www.amicaledessommeliers.com\/ASQQ\/index.php?rest_route=\/wp\/v2\/types\/page"}],"author":[{"embeddable":true,"href":"https:\/\/www.amicaledessommeliers.com\/ASQQ\/index.php?rest_route=\/wp\/v2\/users\/20"}],"replies":[{"embeddable":true,"href":"https:\/\/www.amicaledessommeliers.com\/ASQQ\/index.php?rest_route=%2Fwp%2Fv2%2Fcomments&post=505"}],"version-history":[{"count":141,"href":"https:\/\/www.amicaledessommeliers.com\/ASQQ\/index.php?rest_route=\/wp\/v2\/pages\/505\/revisions"}],"predecessor-version":[{"id":2500,"href":"https:\/\/www.amicaledessommeliers.com\/ASQQ\/index.php?rest_route=\/wp\/v2\/pages\/505\/revisions\/2500"}],"wp:attachment":[{"href":"https:\/\/www.amicaledessommeliers.com\/ASQQ\/index.php?rest_route=%2Fwp%2Fv2%2Fmedia&parent=505"}],"curies":[{"name":"wp","href":"https:\/\/api.w.org\/{rel}","templated":true}]}}