{"id":22,"date":"2011-06-22T18:04:49","date_gmt":"2011-06-23T01:04:49","guid":{"rendered":"http:\/\/www.amicaledessommeliers.com\/wordpressOU\/?page_id=22"},"modified":"2025-06-01T14:08:35","modified_gmt":"2025-06-01T21:08:35","slug":"mot-du-president","status":"publish","type":"page","link":"https:\/\/www.amicaledessommeliers.com\/Outaouais\/qui-sommes-nous\/mot-du-president\/","title":{"rendered":"Mot du pr\u00e9sident de la section"},"content":{"rendered":"\n<p><strong>Amicale des Sommeliers du Qu\u00e9bec \u2013 Section Outaouais<\/strong><br><strong>Rapport du pr\u00e9sident \u2013 AGA du 24 mai 202<\/strong>5<\/p>\n\n\n\n<p>Chers amicalistes,<\/p>\n\n\n\n<p>Jamais deux sans trois. Telle \u00e9tait ma devise. J\u2019ai donc plong\u00e9 une fois de plus dans cette aventure pr\u00e9sidentielle extraordinaire. Ce fut une ann\u00e9e fruit. J\u2019aurais pu \u00eatre inspir\u00e9 par nul autre que Rudolf Steiner et faire appel \u00e0 une combinaisons de pratiques \u00e9sot\u00e9riques reposant sur des intuitions mystiques et une doctrine anthroposophique. Mais je fis mieux : me laisser infuser par la passion et le savoir-faire de mes estim\u00e9s coll\u00e8gues. Je vous propose maintenant d\u2019aller d\u00e9guster ces beaux jus que nous avons cultiv\u00e9s et sublim\u00e9s ensemble.<\/p>\n\n\n\n<p>La saison 2024-2025 fut faste. Encore une fois cette ann\u00e9e, j\u2019ai eu l\u2019appui d\u2019une \u00e9quipe chevronn\u00e9e et engag\u00e9e. Permettez-moi de les nommer et de les remercier chaleureusement pour toutes leurs contributions : Steve Baril, Richard Bourassa, Benoit Branchaud, Ga\u00ebtan Lavoie, Lucie Marquis, Serge Presseau, Johannie St-Roch, Andr\u00e9 Thivierge, Annie Trudel et Qianni Zhao. Merci! Ensemble, nous avons pr\u00e9sent\u00e9 un programme touffu et\u2026 tout flamme. Quelques exemples : les bi\u00e8res de l\u2019Outaouais, le terroir du Qu\u00e9bec, les vins alpins, sushi : vino ou sak\u00e9, les vins natures. Encore plus cette ann\u00e9e pouvons-nous affirmer que nous avons pos\u00e9 nos pieds de verres hardiment l\u00e0 o\u00f9 aucun autre raisin n\u2019\u00e9tait all\u00e9 auparavant. Au total, 15 activit\u00e9s, dont 2 restent \u00e0 venir (le festin des sommeliers et le repas champ\u00eatre), incluant 5 d\u00e9gustations techniques et 10 activit\u00e9s avec nourriture sous forme d\u2019accord r\u00e9gionaux, th\u00e9matiques ou de repas gastronomiques en restaurant. Ces derni\u00e8res activit\u00e9s, que j\u2019appelle affectueusement nos Pantagruelles, demeurent encore les plus populaires au sein de nos membres et continuent de se remplir \u00e0 des vitesses supra-luminiques, engendrant des vortex quantiques superfluides. Un individu grossier a bien propos\u00e9 d\u2019imposer des tarifs de X % pour profiter de la belle affaire, mais nous sommes rest\u00e9s fid\u00e8les \u00e0 notre mission : propager l\u2019amour du vin au juste prix.<\/p>\n\n\n\n<p>Nos activit\u00e9s de d\u00e9gustations ne repr\u00e9sentent qu\u2019une partie de notre offre. L\u2019autre partie, toute aussi importante, est repr\u00e9sent\u00e9e par nos cours et ateliers qu\u2019une grande et dynamique \u00e9quipe a \u00e9labor\u00e9s et livr\u00e9s avec passion. Cette \u00e9quipe, je la nomme : Andr\u00e9 Thivierge, directeur des cours, Yves Bovet, secr\u00e9taire des cours, Jacques Blouin, Jean-Michel Demarcq, Rene\u0301 Bordeleau, Jean-Fran\u00e7ois Fiset, Daniel Ducharme, Serge Presseau, Ronald Palardy, Chantal Parent, Annie Fournier, Annie Trudel, Lucie Marquis et Benoit Branchaud. Un grand merci \u00e0 vous tous! Gr\u00e2ce \u00e0 vous, nous avons offert des cours et ateliers de grande qualit\u00e9 qui ont r\u00e9pondu aux attentes \u00e9lev\u00e9es des participants. Au total, nous avons offert 3 cours et 4 ateliers pour un total de 104 \u00e9tudiants. Bravo \u00e0 l\u2019\u00e9quipe des cours, professeurs et personnes ressources, pour cette grande r\u00e9ussite!<\/p>\n\n\n\n<p>Dans l\u2019ensemble, cette ann\u00e9e, nous avons maintenu le niveau de participation en comparaison \u00e0 l\u2019an pass\u00e9 et notre bassin de membres s\u2019est stabilis\u00e9 autour de 140 membres r\u00e9guliers auxquels s\u2019ajoutent une quinzaine de membres Gouverneurs. Nous avons mis en \u0153uvre cette ann\u00e9e certaines initiatives afin d\u2019accroitre notre visibilit\u00e9 et d\u2019attirer de nouvelles participations \u00e0 nos d\u00e9gustations et \u00e0 nos cours et ateliers. Par exemple : octroi de ch\u00e8que cadeau de 25$ pour nos activit\u00e9s de d\u00e9gustation offert aux participants du cours Initiation; offre de cours \u00e0 des groupes non-membres comme la FADOQ, cr\u00e9ation de nouveaux cours, etc. Nous commen\u00e7ons \u00e0 voir les effets positifs de toutes ces initiatives. Nous sommes sur la bonne voie. Une Amicale forte dans un Outaouais conquis!<\/p>\n\n\n\n<p>C\u00f4t\u00e9 logistique, je veux souligner le soutien renouvel\u00e9 de notre webmestre, Jocelyn De\u0301coste, qui nous permet \u00e0 chaque ann\u00e9e de maintenir et d\u2019am\u00e9liorer notre site web. Pour la prochaine saison, nous commencerons \u00e0 utiliser de nouvelles adresses courriel avec le domaine amicaledessommeliers.com afin d\u2019harmoniser et de rendre explicite le lien avec l\u2019Amicale dans nos communications. Merci Jocelyn!<\/p>\n\n\n\n<p>Je veux aussi remercier Yves Bovet pour sa collaboration et son d\u00e9vouement presque sans fin (on peut r\u00eaver, non?). Qui n\u2019a jamais fait appel \u00e0 Yves dans l\u2019organisation d\u2019activit\u00e9? Yves continue d\u2019\u00eatre un acteur essentiel au sein de notre Amicale et cumule plusieurs fonctions: secr\u00e9taire des cours, \u00e9diteur de La Lie, responsable de la liste des membres, des lignes directrices, etc. V\u00e9ritable m\u00e9moire vivante de l\u2019Amicale, Yves nous offre toujours sa perspective \u00e9clair\u00e9e et nous accompagne sur les chemins parfois sinueux de la prise de d\u00e9cision. Merci \u00e0 notre tr\u00e8s cher Yves.<\/p>\n\n\n\n<p>Je remercie aussi les Jardins du Ch\u00e2teau et leurs administrateurs. La collaboration de Julien Fortin-Savoie et Guy Villeneuve est essentielle au bon fonctionnement de notre association. Je les remercie.<\/p>\n\n\n\n<p>Avant de passer au mot de la fin, je tiens \u00e0 saluer le d\u00e9part de trois membres de notre Conseil de direction: Lucie Marquis, Qianni Zhao et Serge Presseau. Lucie a \u0153uvr\u00e9 au sein du Conseil lors des deux derni\u00e8res saisons et a contribu\u00e9 \u00e0 5 activit\u00e9s, dont 3 se sont particuli\u00e8rement d\u00e9marqu\u00e9es pour leur originalit\u00e9 : c\u00e9pages autochtones, sushi : vino ou sak\u00e9 et les vins natures. Lucie aura laiss\u00e9 sa marque sur des sentiers peu fr\u00e9quent\u00e9s. Qianni, de son c\u00f4t\u00e9, a \u0153uvr\u00e9 au sein du conseil pendant 5 ans dont 2 comme secr\u00e9taire. Toujours en qu\u00eate de connaissances sur les vins, elle a su mettre \u00e0 profit sa passion pour nous offrir de tr\u00e8s belles d\u00e9gustations. Quant \u00e0 Serge, il s\u2019agissait d\u2019un retour au conseil pour une p\u00e9riode de 7 ans pendant lesquelles il a excell\u00e9 \u00e0 nous faire d\u00e9couvrir, ou red\u00e9couvrir, de grands vins et de grands terroirs. C\u2019est un impressionnant parcours qu\u2019il laisse derri\u00e8re lui. Serge continuera \u00e0 faire partie de l\u2019\u00e9quipe des cours et \u00e0 former la rel\u00e8ve. Au-del\u00e0 des nombreuses contributions qu\u2019ils ont faites, Lucie, Qianni et Serge nous aurons aussi et surtout marqu\u00e9 par leur personnalit\u00e9 attachante et leur amiti\u00e9. Vous allez nous manquer! Mais sachez que la porte du conseil sera toujours ouverte pour vous.<\/p>\n\n\n\n<p>Je termine sur une note plus personnelle. Cela fait trois ans maintenant que j\u2019ai ce privil\u00e8ge de diriger une \u00e9quipe de passionn\u00e9s dont l\u2019unique but est de faire rayonner notre Amicale et faire plaisir \u00e0 nos membres. Merci \u00e0 vous toutes et tous pour votre confiance et votre soutient. Gr\u00e2ce \u00e0 vous, les moments un peu plus difficiles, ceux o\u00f9 j\u2019ai enfil\u00e9 mon habit de plongeur pour \u00e9chapper au grondement des jours trop courts, dans mon bassin, avec mes carpes Tigre, El Bully, Dernier Appel et Fuego, ont \u00e9t\u00e9 largement compens\u00e9 par votre amour, et celui de mon chat, et celui de ma blonde. Dans les derniers jours, j\u2019ai r\u00e9fl\u00e9chi. Il me semble qu\u2019apr\u00e8s trois ans, on a fait le tour du jardin. Mais parlez-en \u00e0 F\u00e9lix qui vous dira que chaque \u00ab tour du proprio \u00bb est comme le premier. Alors que faire? Peut-\u00eatre relire Voltaire pour entendre \u00e0 nouveau Candide nous inviter \u00e0 cultiver notre jardin? Quoiqu\u2019il en soit, pour l\u2019instant, je vous dis merci. Et j\u2019entends l\u2019\u00e9cho de ces paroles c\u00e9l\u00e8bres qui r\u00e9sonnent toujours : \u00ab Et si j\u2019vous ai bien compris, vous \u00eates en train de dire\u2026 \u00e0 la prochaine fois \u00bb.<\/p>\n\n\n\n<p>Patrick Langlois<br>Pr\u00e9sident<br>Section Outaouais<br>Amicale des Sommeliers du Qu\u00e9bec<br><br><\/p>\n\n\n\n<p style=\"font-size:24px\"><a href=\"https:\/\/www.amicaledessommeliers.com\/Outaouais\/wp-content\/uploads\/2019\/06\/Rapport-du-pre\u0301sident_2018-2019.pdf\">Rapport du pre\u0301sident &#8211; Saison 2018-2019<\/a><\/p>\n\n\n\n<p style=\"font-size:24px\"><a href=\"https:\/\/www.amicaledessommeliers.com\/Outaouais\/wp-content\/uploads\/2018\/09\/Rapport-du-pr\u00e9sident_2017-2018.pdf\">Rapport du pre\u0301sident &#8211; Saison 2017-2018<\/a><\/p>\n\n\n\n<p style=\"font-size:24px\"><a href=\"https:\/\/www.amicaledessommeliers.com\/Outaouais\/wp-content\/uploads\/2017\/07\/Rapport-du-pre\u0301sident_2016-2017.pdf\">Rapport du pre\u0301sident &#8211; Saison 2016-2017<\/a><\/p>\n\n\n\n<p style=\"font-size:24px\"><a href=\"https:\/\/www.amicaledessommeliers.com\/Outaouais\/wp-content\/uploads\/2016\/09\/Rapport-du-pre\u0301sident_2015-2016.pdf\">Rapport du pre\u0301sident &#8211; Saison 2015-2016<\/a><\/p>\n\n\n\n<p><\/p>\n","protected":false},"excerpt":{"rendered":"<p>Amicale des Sommeliers du Qu\u00e9bec \u2013 Section OutaouaisRapport du pr\u00e9sident \u2013 AGA du 24 mai 2025 Chers amicalistes, Jamais deux sans trois. Telle \u00e9tait ma devise. J\u2019ai donc plong\u00e9 une fois de plus dans cette aventure pr\u00e9sidentielle extraordinaire. Ce fut une ann\u00e9e fruit. J\u2019aurais pu \u00eatre inspir\u00e9 par nul autre que Rudolf Steiner et faire appel \u00e0 une combinaisons de pratiques \u00e9sot\u00e9riques reposant sur des intuitions mystiques et une doctrine<\/p>\n<p><a class=\"more-link\" href=\"https:\/\/www.amicaledessommeliers.com\/Outaouais\/qui-sommes-nous\/mot-du-president\/\">Lire la suite&#8230;<\/a><\/p>\n","protected":false},"author":3,"featured_media":0,"parent":4,"menu_order":3,"comment_status":"closed","ping_status":"closed","template":"","meta":{"_seopress_robots_primary_cat":"","_seopress_titles_title":"","_seopress_titles_desc":"","_seopress_robots_index":"","footnotes":""},"class_list":["post-22","page","type-page","status-publish","hentry"],"_links":{"self":[{"href":"https:\/\/www.amicaledessommeliers.com\/Outaouais\/wp-json\/wp\/v2\/pages\/22","targetHints":{"allow":["GET"]}}],"collection":[{"href":"https:\/\/www.amicaledessommeliers.com\/Outaouais\/wp-json\/wp\/v2\/pages"}],"about":[{"href":"https:\/\/www.amicaledessommeliers.com\/Outaouais\/wp-json\/wp\/v2\/types\/page"}],"author":[{"embeddable":true,"href":"https:\/\/www.amicaledessommeliers.com\/Outaouais\/wp-json\/wp\/v2\/users\/3"}],"replies":[{"embeddable":true,"href":"https:\/\/www.amicaledessommeliers.com\/Outaouais\/wp-json\/wp\/v2\/comments?post=22"}],"version-history":[{"count":42,"href":"https:\/\/www.amicaledessommeliers.com\/Outaouais\/wp-json\/wp\/v2\/pages\/22\/revisions"}],"predecessor-version":[{"id":5941,"href":"https:\/\/www.amicaledessommeliers.com\/Outaouais\/wp-json\/wp\/v2\/pages\/22\/revisions\/5941"}],"up":[{"embeddable":true,"href":"https:\/\/www.amicaledessommeliers.com\/Outaouais\/wp-json\/wp\/v2\/pages\/4"}],"wp:attachment":[{"href":"https:\/\/www.amicaledessommeliers.com\/Outaouais\/wp-json\/wp\/v2\/media?parent=22"}],"curies":[{"name":"wp","href":"https:\/\/api.w.org\/{rel}","templated":true}]}}