{"id":24,"date":"2011-06-22T18:07:26","date_gmt":"2011-06-23T01:07:26","guid":{"rendered":"http:\/\/www.amicaledessommeliers.com\/wordpressOU\/?page_id=24"},"modified":"2025-06-01T14:12:38","modified_gmt":"2025-06-01T21:12:38","slug":"le-comite-executif","status":"publish","type":"page","link":"https:\/\/www.amicaledessommeliers.com\/Outaouais\/qui-sommes-nous\/le-comite-executif\/","title":{"rendered":"Le conseil de la section"},"content":{"rendered":"\n<div class=\"wp-block-group\"><div class=\"wp-block-group__inner-container is-layout-constrained wp-block-group-is-layout-constrained\">\n<div class=\"wp-block-columns is-layout-flex wp-container-core-columns-is-layout-9d6595d7 wp-block-columns-is-layout-flex\">\n<div class=\"wp-block-column is-layout-flow wp-block-column-is-layout-flow\" style=\"flex-basis:100%\">\n<div class=\"wp-block-group\"><div class=\"wp-block-group__inner-container is-layout-constrained wp-block-group-is-layout-constrained\">\n<div class=\"wp-block-columns is-layout-flex wp-container-core-columns-is-layout-9d6595d7 wp-block-columns-is-layout-flex\">\n<div class=\"wp-block-column is-layout-flow wp-block-column-is-layout-flow\" style=\"flex-basis:100%\">\n<figure class=\"wp-block-table is-style-stripes has-x-large-font-size\"><table><tbody><tr><td><strong>pr\u00e9sident <\/strong><\/td><td>Patrick Langlois<\/td><\/tr><tr><td><strong>tr\u00e9sorier<\/strong><\/td><td>Steve Baril<\/td><\/tr><tr><td><strong>vice-pr\u00e9sidente et secr\u00e9taire <\/strong><\/td><td>Johannie St-Roch<\/td><\/tr><tr><td><strong>directeur des cours<\/strong><\/td><td>Andr\u00e9 Thivierge<\/td><\/tr><tr><td><strong>chef du protocole<\/strong><\/td><td>Annie Trudel<\/td><\/tr><tr><td><strong>directeur<\/strong><\/td><td>Richard Bourassa<\/td><\/tr><tr><td><strong>directeur<\/strong><\/td><td>Benoit Branchaud<\/td><\/tr><tr><td><strong>directeur<\/strong><\/td><td>Ga\u00ebtan Lavoie<\/td><\/tr><tr><td><strong>directrice<\/strong><\/td><td>Caroline C\u00f4t\u00e9<\/td><\/tr><tr><td><strong>webmestre <\/strong><strong>(hors Conseil)<\/strong><\/td><td>Jocelyn D\u00e9coste<\/td><\/tr><tr><td><strong>\u00e9diteur de La Lie et secr\u00e9taire des cours (hors Conseil)<\/strong><\/td><td>Yves Bovet<\/td><\/tr><\/tbody><\/table><\/figure>\n<\/div>\n<\/div>\n<\/div><\/div>\n<\/div>\n<\/div>\n<\/div><\/div>\n\n\n\n<p><\/p>\n","protected":false},"excerpt":{"rendered":"<p>pr\u00e9sident Patrick Langlois tr\u00e9sorier Steve Baril vice-pr\u00e9sidente et secr\u00e9taire Johannie St-Roch directeur des cours Andr\u00e9 Thivierge chef du protocole Annie Trudel directeur Richard Bourassa directeur Benoit Branchaud directeur Ga\u00ebtan Lavoie directrice Caroline C\u00f4t\u00e9 webmestre (hors Conseil) Jocelyn D\u00e9coste \u00e9diteur de La Lie et secr\u00e9taire des cours (hors Conseil) Yves Bovet<\/p>\n","protected":false},"author":3,"featured_media":0,"parent":4,"menu_order":4,"comment_status":"closed","ping_status":"open","template":"","meta":{"_seopress_robots_primary_cat":"","_seopress_titles_title":"","_seopress_titles_desc":"","_seopress_robots_index":"","footnotes":""},"class_list":["post-24","page","type-page","status-publish","hentry"],"_links":{"self":[{"href":"https:\/\/www.amicaledessommeliers.com\/Outaouais\/wp-json\/wp\/v2\/pages\/24","targetHints":{"allow":["GET"]}}],"collection":[{"href":"https:\/\/www.amicaledessommeliers.com\/Outaouais\/wp-json\/wp\/v2\/pages"}],"about":[{"href":"https:\/\/www.amicaledessommeliers.com\/Outaouais\/wp-json\/wp\/v2\/types\/page"}],"author":[{"embeddable":true,"href":"https:\/\/www.amicaledessommeliers.com\/Outaouais\/wp-json\/wp\/v2\/users\/3"}],"replies":[{"embeddable":true,"href":"https:\/\/www.amicaledessommeliers.com\/Outaouais\/wp-json\/wp\/v2\/comments?post=24"}],"version-history":[{"count":40,"href":"https:\/\/www.amicaledessommeliers.com\/Outaouais\/wp-json\/wp\/v2\/pages\/24\/revisions"}],"predecessor-version":[{"id":5943,"href":"https:\/\/www.amicaledessommeliers.com\/Outaouais\/wp-json\/wp\/v2\/pages\/24\/revisions\/5943"}],"up":[{"embeddable":true,"href":"https:\/\/www.amicaledessommeliers.com\/Outaouais\/wp-json\/wp\/v2\/pages\/4"}],"wp:attachment":[{"href":"https:\/\/www.amicaledessommeliers.com\/Outaouais\/wp-json\/wp\/v2\/media?parent=24"}],"curies":[{"name":"wp","href":"https:\/\/api.w.org\/{rel}","templated":true}]}}