{"id":3496,"date":"2018-09-08T05:10:38","date_gmt":"2018-09-08T12:10:38","guid":{"rendered":"http:\/\/www.amicaledessommeliers.com\/ASQO\/?page_id=3496"},"modified":"2025-08-14T12:05:26","modified_gmt":"2025-08-14T19:05:26","slug":"atelier-vins-de-bordeaux","status":"publish","type":"page","link":"https:\/\/www.amicaledessommeliers.com\/Outaouais\/cours\/atelier-vins-de-bordeaux\/","title":{"rendered":"Atelier &#8211; Vins de Bordeaux"},"content":{"rendered":"<p><strong>Atelier \u2013 Vins de Bordeaux<\/strong><\/p>\n<p>Section Outaouais : membres \u00e0 120 $ \u2013 non-membres \u00e0 120 $. Comprend pour 2 soirs, le mat\u00e9riel didactique et la d\u00e9gustation d\u2019au moins cinq vins de qualit\u00e9 par soir.<\/p>\n<p><strong>Description<\/strong><\/p>\n<p><strong>Pr\u00e9requis :<\/strong> Toute personne qui a une connaissance de base de la d\u00e9gustation et d\u00e9sire en apprendre davantage.<\/p>\n<p><strong>Format :<\/strong> Deux cours bas\u00e9s \u00e0 la fois sur la d\u00e9couverte du vignoble bordelais et sur la connaissance pratique de l\u2019art de la d\u00e9gustation.<\/p>\n<p><strong>Objectifs<\/strong><\/p>\n<ul>\n<li>Acqu\u00e9rir une connaissance du vignoble bordelais, des r\u00e8gles et des normes qui le r\u00e9gissent.<\/li>\n<li>D\u00e9couvrir les principales r\u00e9gions viticoles bordelaises.<\/li>\n<li>D\u00e9velopper et perfectionner la technique de la d\u00e9gustation.<\/li>\n<\/ul>\n<p><strong>Contenu<\/strong><\/p>\n<ul>\n<li>Aper\u00e7u, histoire, g\u00e9ographie, climat, c\u00e9pages et terminologie viticole de la r\u00e9gion de Bordeaux.<\/li>\n<li>\u00c9tude du syst\u00e8me d\u2019appellations et compr\u00e9hension des \u00e9tiquettes de bouteilles.<\/li>\n<li>\u00c9tude des principales r\u00e9gions viticoles<\/li>\n<li>Exercices pratiques de d\u00e9gustation et approfondissement du vocabulaire.<\/li>\n<\/ul>\n<p><a href=\"https:\/\/www.amicaledessommeliers.com\/Outaouais\/cours\/calendrier-des-cours\/\">calendrier et Inscription<\/a><\/p>\n<p><strong>Renseignements\u00a0: <\/strong>Yves Bovet \u00e0 <a href=\"mailto:ASQO-cours@amicaledessommeliers.com\">ASQO-cours@amicaledessommeliers.com<\/a> ou au 819 778-6605.\u00a0Vous avez des questions ou vous d\u00e9sirez obtenir plus d&rsquo;information sur les cours de l&rsquo;Amicale des sommeliers du Qu\u00e9bec en Outaouais, communiquez avec Yves, il se fera un plaisir de vous r\u00e9pondre.<\/p>\n","protected":false},"excerpt":{"rendered":"<p>Atelier \u2013 Vins de Bordeaux Section Outaouais : membres \u00e0 120 $ \u2013 non-membres \u00e0 120 $. Comprend pour 2 soirs, le mat\u00e9riel didactique et la d\u00e9gustation d\u2019au moins cinq vins de qualit\u00e9 par soir. Description Pr\u00e9requis : Toute personne qui a une connaissance de base de la d\u00e9gustation et d\u00e9sire en apprendre davantage. Format : Deux cours bas\u00e9s \u00e0 la fois sur la d\u00e9couverte du vignoble bordelais et sur<\/p>\n<p><a class=\"more-link\" href=\"https:\/\/www.amicaledessommeliers.com\/Outaouais\/cours\/atelier-vins-de-bordeaux\/\">Lire la suite&#8230;<\/a><\/p>\n","protected":false},"author":3,"featured_media":0,"parent":266,"menu_order":8,"comment_status":"closed","ping_status":"closed","template":"","meta":{"_seopress_robots_primary_cat":"","_seopress_titles_title":"","_seopress_titles_desc":"","_seopress_robots_index":"","footnotes":""},"class_list":["post-3496","page","type-page","status-publish","hentry"],"_links":{"self":[{"href":"https:\/\/www.amicaledessommeliers.com\/Outaouais\/wp-json\/wp\/v2\/pages\/3496","targetHints":{"allow":["GET"]}}],"collection":[{"href":"https:\/\/www.amicaledessommeliers.com\/Outaouais\/wp-json\/wp\/v2\/pages"}],"about":[{"href":"https:\/\/www.amicaledessommeliers.com\/Outaouais\/wp-json\/wp\/v2\/types\/page"}],"author":[{"embeddable":true,"href":"https:\/\/www.amicaledessommeliers.com\/Outaouais\/wp-json\/wp\/v2\/users\/3"}],"replies":[{"embeddable":true,"href":"https:\/\/www.amicaledessommeliers.com\/Outaouais\/wp-json\/wp\/v2\/comments?post=3496"}],"version-history":[{"count":8,"href":"https:\/\/www.amicaledessommeliers.com\/Outaouais\/wp-json\/wp\/v2\/pages\/3496\/revisions"}],"predecessor-version":[{"id":6039,"href":"https:\/\/www.amicaledessommeliers.com\/Outaouais\/wp-json\/wp\/v2\/pages\/3496\/revisions\/6039"}],"up":[{"embeddable":true,"href":"https:\/\/www.amicaledessommeliers.com\/Outaouais\/wp-json\/wp\/v2\/pages\/266"}],"wp:attachment":[{"href":"https:\/\/www.amicaledessommeliers.com\/Outaouais\/wp-json\/wp\/v2\/media?parent=3496"}],"curies":[{"name":"wp","href":"https:\/\/api.w.org\/{rel}","templated":true}]}}