{"id":3790,"date":"2018-11-16T12:13:02","date_gmt":"2018-11-16T19:13:02","guid":{"rendered":"https:\/\/www.amicaledessommeliers.com\/Outaouais\/?page_id=3790"},"modified":"2025-09-07T11:24:29","modified_gmt":"2025-09-07T18:24:29","slug":"page-events","status":"publish","type":"page","link":"https:\/\/www.amicaledessommeliers.com\/Outaouais\/","title":{"rendered":"Section Outaouais \/ Activit\u00e9s \u00e0 venir&#8230;"},"content":{"rendered":"\t\t<div data-elementor-type=\"wp-post\" data-elementor-id=\"3790\" class=\"elementor elementor-3790 elementor-bc-flex-widget\">\n\t\t\t\t\t\t<section class=\"elementor-section elementor-top-section elementor-element elementor-element-16a70c87 elementor-section-boxed elementor-section-height-default elementor-section-height-default\" data-id=\"16a70c87\" data-element_type=\"section\" data-settings=\"{&quot;shape_divider_top&quot;:&quot;mountains&quot;}\">\n\t\t\t\t\t<div class=\"elementor-shape elementor-shape-top\" data-negative=\"false\">\n\t\t\t<svg xmlns=\"http:\/\/www.w3.org\/2000\/svg\" viewBox=\"0 0 1000 100\" preserveAspectRatio=\"none\">\n\t<path class=\"elementor-shape-fill\" opacity=\"0.33\" d=\"M473,67.3c-203.9,88.3-263.1-34-320.3,0C66,119.1,0,59.7,0,59.7V0h1000v59.7 c0,0-62.1,26.1-94.9,29.3c-32.8,3.3-62.8-12.3-75.8-22.1C806,49.6,745.3,8.7,694.9,4.7S492.4,59,473,67.3z\"\/>\n\t<path class=\"elementor-shape-fill\" opacity=\"0.66\" d=\"M734,67.3c-45.5,0-77.2-23.2-129.1-39.1c-28.6-8.7-150.3-10.1-254,39.1 s-91.7-34.4-149.2,0C115.7,118.3,0,39.8,0,39.8V0h1000v36.5c0,0-28.2-18.5-92.1-18.5C810.2,18.1,775.7,67.3,734,67.3z\"\/>\n\t<path class=\"elementor-shape-fill\" d=\"M766.1,28.9c-200-57.5-266,65.5-395.1,19.5C242,1.8,242,5.4,184.8,20.6C128,35.8,132.3,44.9,89.9,52.5C28.6,63.7,0,0,0,0 h1000c0,0-9.9,40.9-83.6,48.1S829.6,47,766.1,28.9z\"\/>\n<\/svg>\t\t<\/div>\n\t\t\t\t\t<div class=\"elementor-container elementor-column-gap-default\">\n\t\t\t\t\t<div class=\"elementor-column elementor-col-100 elementor-top-column elementor-element elementor-element-3109793e\" data-id=\"3109793e\" data-element_type=\"column\">\n\t\t\t<div class=\"elementor-widget-wrap elementor-element-populated\">\n\t\t\t\t\t\t<div class=\"elementor-element elementor-element-45ce9e5e elementor-widget elementor-widget-text-editor\" data-id=\"45ce9e5e\" data-element_type=\"widget\" data-widget_type=\"text-editor.default\">\n\t\t\t\t<div class=\"elementor-widget-container\">\n\t\t\t\t\t\t\t<ul><li style=\"list-style-type: none;\"><ul><li style=\"list-style-type: none;\"><ul><\/ul><\/li><\/ul><ul><li style=\"list-style-type: none;\"><ul><\/ul><\/li><\/ul><p><strong><a href=\"https:\/\/www.amicaledessommeliers.com\/Outaouais\/activites\/bordeaux-du-50e\/\">Bordeaux du 50e<\/a>, vendredi 8 mai 2026, <\/strong><strong> de 19 h 00 &#8211; 22 h 00<\/strong><\/p><p><p>Technique 5<\/p>\n<\/p><\/li><\/ul><p><\/ul><\/li><\/ul><ul><li style=\"list-style-type: none;\"><ul><img decoding=\"async\" width=\"173\" height=\"65\" src=\"https:\/\/www.amicaledessommeliers.com\/Outaouais\/wp-content\/uploads\/2018\/11\/atelier_decouverte.jpg\" class=\"attachment-173x115 size-173x115 wp-post-image\" alt=\"Atelier\u00a0\u2500\u00a0Vins du Canada-Qu\u00e9bec de 13 h 30 \u00e0 16 h 30 (120 $)\" srcset=\"https:\/\/www.amicaledessommeliers.com\/Outaouais\/wp-content\/uploads\/2018\/11\/atelier_decouverte.jpg 366w, https:\/\/www.amicaledessommeliers.com\/Outaouais\/wp-content\/uploads\/2018\/11\/atelier_decouverte-300x113.jpg 300w\" sizes=\"(max-width: 173px) 100vw, 173px\" \/><\/ul><\/li><\/ul><p><strong><a href=\"https:\/\/www.amicaledessommeliers.com\/Outaouais\/activites\/atelier-%e2%94%80-vins-du-canada-quebec-de-19-h-a-22-h-120\/\">Atelier\u00a0\u2500\u00a0Vins du Canada-Qu\u00e9bec de 13 h 30 \u00e0 16 h 30 (120 $)<\/a>, mercredi 20 mai 2026 &#8211;   mercredi 27 mai 2026, <\/strong><strong> de 13 h 30 &#8211; 16 h 30<\/strong><\/p><p><p>Atelier \u2013 Vins du Canada-Qu\u00e9bec Section Outaouais : membres \u00e0 120 $ \u2013 non-membres \u00e0 120 $. Comprend pour 2 soirs, le mat\u00e9riel didactique et la d\u00e9gustation d\u2019au moins cinq vins de qualit\u00e9 par soir. Description Pr\u00e9requis : Toute personne qui a une connaissance de base de la d\u00e9gustation et d\u00e9sire en apprendre davantage. Format [&#8230;]<\/p>\n<\/p><\/li><\/ul><p><\/ul><\/li><\/ul><ul><li style=\"list-style-type: none;\"><ul><\/ul><\/li><\/ul><p><strong><a href=\"https:\/\/www.amicaledessommeliers.com\/Outaouais\/activites\/assemblee-annuelle-6\/\">Assembl\u00e9e annuelle<\/a>, samedi 23 mai 2026, <\/strong><strong> de 10 h 00 &#8211; 12 h 00<\/strong><\/p><p><\/p><\/li><\/ul><p><\/ul><\/li><\/ul><ul><li style=\"list-style-type: none;\"><ul><\/ul><\/li><\/ul><p><strong><a href=\"https:\/\/www.amicaledessommeliers.com\/Outaouais\/activites\/festin-des-sommeliers\/\">Festin des sommeliers<\/a>, samedi 30 mai 2026, <\/strong><strong> de 11 h 00 &#8211; 16 h 00<\/strong><\/p><p><p>Repas gastronomique<\/p>\n<\/p><\/li><\/ul><p><\/ul><\/li><\/ul><ul><li style=\"list-style-type: none;\"><ul><\/ul><\/li><\/ul><p><strong><a href=\"https:\/\/www.amicaledessommeliers.com\/Outaouais\/activites\/repas-champetre-6\/\">Repas champ\u00eatre\u00a0<\/a>, samedi 15 ao\u00fbt 2026 &#8211;   dimanche 23 ao\u00fbt 2026, <\/strong><strong> de 11 h 00 &#8211; 15 h 00<\/strong><\/p><p><p>15-16 ou 22-23 ao\u00fbt\u00a0\u00a0\u00a0\u00a0\u00a0\u00a0\u00a0\u00a0\u00a0 Repas champ\u00eatre<\/p>\n<\/p><\/li><\/ul><p><\/p>\t\t\t\t\t\t<\/div>\n\t\t\t\t<\/div>\n\t\t\t\t\t<\/div>\n\t\t<\/div>\n\t\t\t\t\t<\/div>\n\t\t<\/section>\n\t\t\t\t<\/div>\n\t\t","protected":false},"excerpt":{"rendered":"","protected":false},"author":3,"featured_media":4075,"parent":0,"menu_order":1,"comment_status":"closed","ping_status":"closed","template":"","meta":{"_seopress_robots_primary_cat":"","_seopress_titles_title":"","_seopress_titles_desc":"","_seopress_robots_index":"","footnotes":""},"class_list":["post-3790","page","type-page","status-publish","has-post-thumbnail","hentry"],"_links":{"self":[{"href":"https:\/\/www.amicaledessommeliers.com\/Outaouais\/wp-json\/wp\/v2\/pages\/3790","targetHints":{"allow":["GET"]}}],"collection":[{"href":"https:\/\/www.amicaledessommeliers.com\/Outaouais\/wp-json\/wp\/v2\/pages"}],"about":[{"href":"https:\/\/www.amicaledessommeliers.com\/Outaouais\/wp-json\/wp\/v2\/types\/page"}],"author":[{"embeddable":true,"href":"https:\/\/www.amicaledessommeliers.com\/Outaouais\/wp-json\/wp\/v2\/users\/3"}],"replies":[{"embeddable":true,"href":"https:\/\/www.amicaledessommeliers.com\/Outaouais\/wp-json\/wp\/v2\/comments?post=3790"}],"version-history":[{"count":56,"href":"https:\/\/www.amicaledessommeliers.com\/Outaouais\/wp-json\/wp\/v2\/pages\/3790\/revisions"}],"predecessor-version":[{"id":4930,"href":"https:\/\/www.amicaledessommeliers.com\/Outaouais\/wp-json\/wp\/v2\/pages\/3790\/revisions\/4930"}],"wp:featuredmedia":[{"embeddable":true,"href":"https:\/\/www.amicaledessommeliers.com\/Outaouais\/wp-json\/wp\/v2\/media\/4075"}],"wp:attachment":[{"href":"https:\/\/www.amicaledessommeliers.com\/Outaouais\/wp-json\/wp\/v2\/media?parent=3790"}],"curies":[{"name":"wp","href":"https:\/\/api.w.org\/{rel}","templated":true}]}}