{"id":4514,"date":"2019-10-28T13:11:30","date_gmt":"2019-10-28T20:11:30","guid":{"rendered":"https:\/\/www.amicaledessommeliers.com\/Outaouais\/?page_id=4514"},"modified":"2024-12-28T09:25:07","modified_gmt":"2024-12-28T16:25:07","slug":"la-lie-2","status":"publish","type":"page","link":"https:\/\/www.amicaledessommeliers.com\/Outaouais\/la-lie-2\/","title":{"rendered":"La Lie"},"content":{"rendered":"<p><img decoding=\"async\" src=\"https:\/\/www.amicaledessommeliers.com\/Outaouais\/wp-content\/uploads\/2012\/11\/La_Lie_baril3_200x75.jpg\" alt=\"La Lie\" \/><br \/>\nLa Section Outaouais de l\u2019Amicale des Sommeliers du Qu\u00e9bec publie le bulletin La Lie \u00e0 l\u2019intention de ses membres 11 fois par an. La Lie pr\u00e9sente les invitations des activit\u00e9s \u00e0 venir, les compte rendus des activit\u00e9s pass\u00e9es, et des nouvelles d\u2019int\u00e9r\u00eat sur le vin.<\/p>\n<h1>Publi\u00e9es en 2024<\/h1>\n<ul>\n<li><a href=\"https:\/\/www.amicaledessommeliers.com\/Outaouais\/wp-content\/uploads\/2024\/12\/LaLie_Decembre2024.pdf\">La Lie de d\u00e9cembre 2024<\/a><\/li>\n<li><a href=\"https:\/\/www.amicaledessommeliers.com\/Outaouais\/wp-content\/uploads\/2024\/12\/LaLie_Novembre2024.pdf\">La Lie de novembre 2024<\/a><\/li>\n<li><a href=\"https:\/\/www.amicaledessommeliers.com\/Outaouais\/wp-content\/uploads\/2024\/10\/LaLie_Octobre2024.pdf\">La Lie d&rsquo;octobre 2024<\/a><\/li>\n<li><a href=\"https:\/\/www.amicaledessommeliers.com\/Outaouais\/wp-content\/uploads\/2024\/12\/LaLie_Septembre2024.pdf\">La Lie de septembre 2024<\/a><\/li>\n<li><a href=\"https:\/\/www.amicaledessommeliers.com\/Outaouais\/wp-content\/uploads\/2024\/12\/LaLie_Aout2024-1.pdf\">La Lie d&rsquo;ao\u00fbt 2024<\/a><\/li>\n<li><a href=\"https:\/\/www.amicaledessommeliers.com\/Outaouais\/wp-content\/uploads\/2024\/12\/LaLie_Juin2024.pdf\">La Lie de juin 2024<\/a><\/li>\n<li><a href=\"https:\/\/www.amicaledessommeliers.com\/Outaouais\/wp-content\/uploads\/2024\/12\/LaLie_Mai2024.pdf\">La Lie de mai 2024<\/a><\/li>\n<li><a href=\"https:\/\/www.amicaledessommeliers.com\/Outaouais\/wp-content\/uploads\/2024\/12\/LaLie_Aout2024-1.pdf\" target=\"_blank\" rel=\"noopener noreferrer\">La Lie d&rsquo;avril 2024<\/a><\/li>\n<li><a href=\"https:\/\/www.amicaledessommeliers.com\/Outaouais\/wp-content\/uploads\/2024\/12\/LaLie_Mars2024.pdf\">La Lie de mars 2024<\/a><\/li>\n<li><a href=\"https:\/\/www.amicaledessommeliers.com\/Outaouais\/wp-content\/uploads\/2024\/12\/LaLie_Fevrier2024.pdf\">La Lie de f\u00e9vrier 2024<\/a><\/li>\n<\/ul>\n<h1>Publi\u00e9es en 2023<\/h1>\n<ul>\n<li><a href=\"https:\/\/www.amicaledessommeliers.com\/Outaouais\/wp-content\/uploads\/2024\/12\/LaLie_Decembre2023.pdf\">La Lie de d\u00e9cembre 2023<\/a><\/li>\n<li><a href=\"https:\/\/www.amicaledessommeliers.com\/Outaouais\/wp-content\/uploads\/2024\/12\/LaLie_Novembre2023.pdf\">La Lie de novembre 2023<\/a><\/li>\n<li><a href=\"https:\/\/www.amicaledessommeliers.com\/Outaouais\/wp-content\/uploads\/2024\/12\/LaLie_Octobre2023.pdf\">La Lie d&rsquo;octobre 2023<\/a><\/li>\n<li><a href=\"https:\/\/www.amicaledessommeliers.com\/Outaouais\/wp-content\/uploads\/2024\/12\/LaLie_Septembre2023.pdf\">La Lie de septembre 2023<\/a><\/li>\n<li><a href=\"https:\/\/www.amicaledessommeliers.com\/Outaouais\/wp-content\/uploads\/2024\/12\/LaLie_Aout2023.pdf\">La Lie d&rsquo;ao\u00fbt 2023<\/a><\/li>\n<li><a href=\"https:\/\/www.amicaledessommeliers.com\/Outaouais\/wp-content\/uploads\/2024\/12\/LaLie_Juin2023.pdf\">La Lie de juin 2023<\/a><\/li>\n<li><a href=\"https:\/\/www.amicaledessommeliers.com\/Outaouais\/wp-content\/uploads\/2024\/12\/LaLie_Mai2023.pdf\">La Lie de mai 2023<\/a><\/li>\n<li><a href=\"https:\/\/www.amicaledessommeliers.com\/Outaouais\/wp-content\/uploads\/2024\/12\/LaLie_Avril2023.pdf\" target=\"_blank\" rel=\"noopener noreferrer\">La Lie d&rsquo;avril 2023<\/a><\/li>\n<li><a href=\"https:\/\/www.amicaledessommeliers.com\/Outaouais\/wp-content\/uploads\/2024\/12\/LaLie_Mars2023.pdf\">La Lie de mars 20223<\/a><\/li>\n<li><a href=\"https:\/\/www.amicaledessommeliers.com\/Outaouais\/wp-content\/uploads\/2024\/12\/LaLie_Janvier2023.pdf\">La Lie de janvier 2023<\/a><\/li>\n<\/ul>\n<h1>Publi\u00e9es en 2022<\/h1>\n<ul>\n<li><a href=\"https:\/\/www.amicaledessommeliers.com\/Outaouais\/wp-content\/uploads\/2022\/12\/LaLie_Decembre2022.pdf\">La Lie de d\u00e9cembre 2022<\/a><\/li>\n<li><a href=\"https:\/\/www.amicaledessommeliers.com\/Outaouais\/wp-content\/uploads\/2022\/11\/LaLie_Novembre2022_Journal.pdf\">La Lie de novembre 2022<\/a><\/li>\n<li><a href=\"https:\/\/www.amicaledessommeliers.com\/Outaouais\/wp-content\/uploads\/2022\/11\/LaLie_Octobre2022_Journal.pdf\">La Lie d&rsquo;octobre 2022<\/a><\/li>\n<li><a href=\"https:\/\/www.amicaledessommeliers.com\/Outaouais\/wp-content\/uploads\/2022\/09\/LaLie_Septembre2022_Journal.pdf\">La Lie de septembre 2022<\/a><\/li>\n<li><a href=\"https:\/\/www.amicaledessommeliers.com\/Outaouais\/wp-content\/uploads\/2022\/09\/LaLie_Aout2022_Journal.pdf\">La Lie d&rsquo;ao\u00fbt 2022<\/a><\/li>\n<li><a href=\"https:\/\/www.amicaledessommeliers.com\/Outaouais\/wp-content\/uploads\/2022\/06\/LaLie_Juin2022_Journal.pdf\">La Lie de juin 2022<\/a><\/li>\n<li><a href=\"https:\/\/www.amicaledessommeliers.com\/Outaouais\/wp-content\/uploads\/2022\/06\/LaLie_Mai2022_Journal.pdf\">La Lie de mai 2022<\/a><\/li>\n<li><a href=\"https:\/\/www.amicaledessommeliers.com\/Outaouais\/wp-content\/uploads\/2022\/04\/LaLie_Avril2022.pdf\" target=\"_blank\" rel=\"noopener noreferrer\">La Lie d&rsquo;avril 2022<\/a><\/li>\n<li><a href=\"https:\/\/www.amicaledessommeliers.com\/Outaouais\/wp-content\/uploads\/2022\/06\/LaLie_Mars2022_Journal.pdf\">La Lie de mars 2022<\/a><\/li>\n<\/ul>\n<h1>Publi\u00e9es en 2021<\/h1>\n<ul>\n<li><a href=\"https:\/\/www.amicaledessommeliers.com\/Outaouais\/wp-content\/uploads\/2021\/10\/LaLie_Octobre2021_Journal.pdf\" target=\"_blank\" rel=\"noopener noreferrer\">La Lie d&rsquo;octobre 2021<\/a><\/li>\n<li><a href=\"https:\/\/www.amicaledessommeliers.com\/Outaouais\/wp-content\/uploads\/2021\/11\/LaLie_Ao\u00fbt2021_Journal.pdf\" target=\"_blank\" rel=\"noopener noreferrer\">La Lie d&rsquo;ao\u00fbt 2021<\/a><\/li>\n<\/ul>\n<h1>Publi\u00e9es en 2020<\/h1>\n<ul>\n<li><a href=\"https:\/\/www.amicaledessommeliers.com\/Outaouais\/wp-content\/uploads\/2020\/02\/LaLie_F\u00e9vrier2020_Journal.pdf\" target=\"_blank\" rel=\"noopener noreferrer\">La Lie de f\u00e9vrier 2020<\/a><\/li>\n<li><a href=\"https:\/\/www.amicaledessommeliers.com\/Outaouais\/wp-content\/uploads\/2020\/01\/LaLie_Janvier2020.pdf\" target=\"_blank\" rel=\"noopener noreferrer\">La Lie de janvier 2020<\/a><\/li>\n<\/ul>\n<h1>Publi\u00e9es en 2019<\/h1>\n<ul>\n<li><a href=\"https:\/\/www.amicaledessommeliers.com\/Outaouais\/wp-content\/uploads\/2019\/11\/LaLie_Novembre2019.pdf\" target=\"_blank\" rel=\"noopener noreferrer\">La Lie de novembre 2019<\/a><\/li>\n<li><a href=\"https:\/\/www.amicaledessommeliers.com\/Outaouais\/wp-content\/uploads\/2019\/10\/LaLie_Octobre2019.pdf\" target=\"_blank\" rel=\"noopener noreferrer\">La Lie d&rsquo;octobre 2019<\/a><\/li>\n<li><a href=\"https:\/\/www.amicaledessommeliers.com\/Outaouais\/wp-content\/uploads\/2019\/09\/LaLie_Septembre2019.pdf\">La Lie de septembre 2019<\/a><\/li>\n<li><a href=\"https:\/\/www.amicaledessommeliers.com\/Outaouais\/wp-content\/uploads\/2019\/08\/LaLie_Ao\u00fbt2019_Journal.pdf\">La Lie d&rsquo;ao\u00fbt 2019<\/a><\/li>\n<li><a href=\"https:\/\/www.amicaledessommeliers.com\/Outaouais\/wp-content\/uploads\/2019\/06\/LaLie_Juin2019.pdf\">La Lie de juin 2019<\/a><\/li>\n<li><a href=\"https:\/\/www.amicaledessommeliers.com\/Outaouais\/wp-content\/uploads\/2019\/05\/LaLie_Mai2019_Journal.pdf\">La Lie de mai 2019<\/a><\/li>\n<li><a href=\"https:\/\/www.amicaledessommeliers.com\/Outaouais\/wp-content\/uploads\/2019\/04\/LaLie_Avril2019_Journal.pdf\">La Lie d&rsquo;avril 2019<\/a><\/li>\n<li><a href=\"https:\/\/www.amicaledessommeliers.com\/Outaouais\/wp-content\/uploads\/2019\/03\/LaLie_Mars2019.pdf\">La Lie de mars 2019<\/a><\/li>\n<li><a href=\"https:\/\/www.amicaledessommeliers.com\/Outaouais\/wp-content\/uploads\/2019\/02\/LaLie_F\u00e9vrier2019.pdf\">La Lie de f\u00e9vrier 2019<\/a><\/li>\n<li><a href=\"https:\/\/www.amicaledessommeliers.com\/Outaouais\/wp-content\/uploads\/2019\/01\/LaLie_Janvier2019.pdf\">La Lie de janvier 2019<\/a><\/li>\n<\/ul>\n<h1>Publi\u00e9es en 2018<\/h1>\n<ul>\n<li><a href=\"https:\/\/www.amicaledessommeliers.com\/Outaouais\/wp-content\/uploads\/2012\/12\/LaLie_D\u00e9cembre2018.pdf\">La Lie de d\u00e9cembre 2018<\/a><\/li>\n<li><a href=\"https:\/\/www.amicaledessommeliers.com\/Outaouais\/wp-content\/uploads\/2012\/12\/LaLie_Novembre2018_Journal.pdf\" target=\"_blank\" rel=\"noopener noreferrer\">La Lie de novembre 2018<\/a><\/li>\n<li><a href=\"https:\/\/www.amicaledessommeliers.com\/Outaouais\/wp-content\/uploads\/2018\/10\/LaLie_Octobre2018_Journal.pdf\" target=\"_blank\" rel=\"noopener noreferrer\">La Lie d&rsquo;octobre 2018<\/a><\/li>\n<li><a href=\"https:\/\/www.amicaledessommeliers.com\/Outaouais\/wp-content\/uploads\/2018\/09\/LaLie_Septembre2018.pdf\" target=\"_blank\" rel=\"noopener noreferrer\">La Lie de septembre 2018<\/a><\/li>\n<li><a href=\"https:\/\/www.amicaledessommeliers.com\/Outaouais\/wp-content\/uploads\/2018\/09\/LaLie_Ao\u00fbt2018_Journal.pdf\" target=\"_blank\" rel=\"noopener noreferrer\">La Lie d&rsquo;ao\u00fbt 2018<\/a><\/li>\n<li><a href=\"https:\/\/www.amicaledessommeliers.com\/Outaouais\/wp-content\/uploads\/2012\/12\/LaLie_Juin2018_Journal.pdf\" target=\"_blank\" rel=\"noopener noreferrer\">La Lie de juin 2018<\/a><\/li>\n<li><a href=\"https:\/\/www.amicaledessommeliers.com\/Outaouais\/wp-content\/uploads\/2012\/12\/LaLie_Mai2018_Journal.pdf\" target=\"_blank\" rel=\"noopener noreferrer\">La Lie de mai 2018<\/a><\/li>\n<li><a href=\"https:\/\/www.amicaledessommeliers.com\/Outaouais\/wp-content\/uploads\/2012\/12\/LaLie_Avril2018_Journal.pdf\" target=\"_blank\" rel=\"noopener noreferrer\">La Lie d&rsquo;avril 2018<\/a><\/li>\n<li><a href=\"https:\/\/www.amicaledessommeliers.com\/Outaouais\/wp-content\/uploads\/2018\/03\/LaLie_Mars2018_Journal.pdf\" target=\"_blank\" rel=\"noopener noreferrer\">La Lie de mars 2018<\/a><\/li>\n<li><a href=\"https:\/\/www.amicaledessommeliers.com\/Outaouais\/wp-content\/uploads\/2018\/02\/LaLie_F\u00e9vrier2018.pdf\" target=\"_blank\" rel=\"noopener noreferrer\">La Lie de f\u00e9vrier 2018<\/a><\/li>\n<li><a href=\"https:\/\/www.amicaledessommeliers.com\/Outaouais\/wp-content\/uploads\/2018\/01\/LaLie_Janvier2018_Journal.pdf\" target=\"_blank\" rel=\"noopener noreferrer\">La Lie de janvier 2018<\/a><\/li>\n<\/ul>\n<h1>Publi\u00e9es en 2017<\/h1>\n<ul>\n<li><a href=\"https:\/\/www.amicaledessommeliers.com\/Outaouais\/wp-content\/uploads\/2017\/12\/LaLie_D\u00e9cembre2017.pdf\" target=\"_blank\" rel=\"noopener noreferrer\">La Lie de d\u00e9cembre 2017<\/a><\/li>\n<li><a href=\"https:\/\/www.amicaledessommeliers.com\/Outaouais\/wp-content\/uploads\/2017\/11\/LaLie_Novembre2017.pdf\" target=\"_blank\" rel=\"noopener noreferrer\">La Lie de novembre 2017<\/a><\/li>\n<li><a href=\"https:\/\/www.amicaledessommeliers.com\/Outaouais\/wp-content\/uploads\/2017\/12\/LaLie_Octobre2017_Journal.pdf\" target=\"_blank\" rel=\"noopener noreferrer\">La Lie d&rsquo;octobre 2017<\/a><\/li>\n<li><a href=\"https:\/\/www.amicaledessommeliers.com\/Outaouais\/wp-content\/uploads\/2017\/09\/LaLie_Septembre2017.pdf\" target=\"_blank\" rel=\"noopener noreferrer\">La Lie de septembre 2017<\/a><\/li>\n<li><a href=\"https:\/\/www.amicaledessommeliers.com\/Outaouais\/wp-content\/uploads\/2017\/08\/LaLie_Ao\u00fbt2017_Journal.pdf\" target=\"_blank\" rel=\"noopener noreferrer\">La Lie d&rsquo;ao\u00fbt 2017<\/a><\/li>\n<li><a href=\"https:\/\/www.amicaledessommeliers.com\/Outaouais\/wp-content\/uploads\/2017\/07\/LaLie_Juin2017.pdf\" target=\"_blank\" rel=\"noopener noreferrer\">La Lie de juin 2017<\/a><\/li>\n<li><a href=\"https:\/\/www.amicaledessommeliers.com\/Outaouais\/wp-content\/uploads\/2017\/05\/LaLie_Mai2017_Journal.pdf\" target=\"_blank\" rel=\"noopener noreferrer\">La Lie de mai 2017<\/a><\/li>\n<li><a href=\"https:\/\/www.amicaledessommeliers.com\/Outaouais\/wp-content\/uploads\/2017\/05\/LaLie_Avril2017_Journal.pdf\" target=\"_blank\" rel=\"noopener noreferrer\">La Lie d&rsquo;avril 2017<\/a><\/li>\n<li><a href=\"https:\/\/www.amicaledessommeliers.com\/Outaouais\/wp-content\/uploads\/2017\/03\/LaLie_Mars2017_Journal.pdf\" target=\"_blank\" rel=\"noopener noreferrer\">La Lie de mars 2017<\/a><\/li>\n<li><a href=\"https:\/\/www.amicaledessommeliers.com\/Outaouais\/wp-content\/uploads\/2017\/02\/LaLie_F\u00e9vrier2017_Journal.pdf\" target=\"_blank\" rel=\"noopener noreferrer\">La Lie de f\u00e9vrier 2017<\/a><\/li>\n<li><a href=\"https:\/\/www.amicaledessommeliers.com\/Outaouais\/wp-content\/uploads\/2017\/02\/LaLie_Janvier2017_Journal.pdf\" target=\"_blank\" rel=\"noopener noreferrer\">La Lie de janvier 2017<\/a><\/li>\n<\/ul>\n<h1>Publi\u00e9es en 2016<\/h1>\n<ul>\n<li><a href=\"https:\/\/www.amicaledessommeliers.com\/Outaouais\/wp-content\/uploads\/2016\/12\/LaLie_D\u00e9cembre2016.pdf\" target=\"_blank\" rel=\"noopener noreferrer\">La Lie de d\u00e9cembre 2016<\/a><\/li>\n<li><a href=\"https:\/\/www.amicaledessommeliers.com\/Outaouais\/wp-content\/uploads\/2016\/12\/LaLie_Novembre2016.pdf\" target=\"_blank\" rel=\"noopener noreferrer\">La Lie de novembre 2016<\/a><\/li>\n<li><a href=\"https:\/\/www.amicaledessommeliers.com\/Outaouais\/wp-content\/uploads\/2016\/10\/LaLie_Octobre2016_Journal-2.pdf\" target=\"_blank\" rel=\"noopener noreferrer\">La Lie d&rsquo;octobre 2016<\/a><\/li>\n<li><a href=\"https:\/\/www.amicaledessommeliers.com\/Outaouais\/wp-content\/uploads\/2016\/09\/LaLie_Septembre2016_Journal.pdf\" target=\"_blank\" rel=\"noopener noreferrer\">La Lie de septembre 2016<\/a><\/li>\n<li><a href=\"https:\/\/www.amicaledessommeliers.com\/Outaouais\/wp-content\/uploads\/2016\/08\/LaLie_Aout2016.pdf\" target=\"_blank\" rel=\"noopener noreferrer\">La Lie d&rsquo;ao\u00fbt 2016<\/a><\/li>\n<li><a href=\"https:\/\/www.amicaledessommeliers.com\/Outaouais\/wp-content\/uploads\/2016\/07\/LaLie_Juin2016_Journal.pdf\" target=\"_blank\" rel=\"noopener noreferrer\">La Lie de juin 2016<\/a><\/li>\n<li><a href=\"https:\/\/www.amicaledessommeliers.com\/Outaouais\/wp-content\/uploads\/2016\/05\/LaLie_Mai2016_Journal.pdf\" target=\"_blank\" rel=\"noopener noreferrer\">La Lie de mai 2016<\/a><\/li>\n<li><a href=\"https:\/\/www.amicaledessommeliers.com\/Outaouais\/wp-content\/uploads\/2016\/05\/LaLie_Avril2016_Journal.pdf\" target=\"_blank\" rel=\"noopener noreferrer\">La Lie d&rsquo;avril 2016<\/a><\/li>\n<li><a href=\"https:\/\/www.amicaledessommeliers.com\/Outaouais\/wp-content\/uploads\/2016\/04\/LaLie_Mars2016.pdf\" target=\"_blank\" rel=\"noopener noreferrer\">La Lie de mars 2016<\/a><\/li>\n<li><a href=\"https:\/\/www.amicaledessommeliers.com\/Outaouais\/wp-content\/uploads\/2016\/04\/LaLie_Fevrier2016.pdf\" target=\"_blank\" rel=\"noopener noreferrer\">La Lie de f\u00e9vrier 2016<\/a><\/li>\n<li><a href=\"https:\/\/www.amicaledessommeliers.com\/Outaouais\/wp-content\/uploads\/2016\/04\/LaLie_Janvier2016.pdf\" target=\"_blank\" rel=\"noopener noreferrer\">La Lie de janvier 2016<\/a><\/li>\n<\/ul>\n<div>Les autres sections de l&rsquo;Amicale publient aussi des bulletins \u00e0 l\u2019intention de leurs membres.\u00a0 Afin d\u2019y acc\u00e9der, veuillez visiter les\u00a0pages de ces sections.<\/div>\n","protected":false},"excerpt":{"rendered":"<p>La Section Outaouais de l\u2019Amicale des Sommeliers du Qu\u00e9bec publie le bulletin La Lie \u00e0 l\u2019intention de ses membres 11 fois par an. La Lie pr\u00e9sente les invitations des activit\u00e9s \u00e0 venir, les compte rendus des activit\u00e9s pass\u00e9es, et des nouvelles d\u2019int\u00e9r\u00eat sur le vin. Publi\u00e9es en 2024 La Lie de d\u00e9cembre 2024 La Lie de novembre 2024 La Lie d&rsquo;octobre 2024 La Lie de septembre 2024 La Lie d&rsquo;ao\u00fbt<\/p>\n<p><a class=\"more-link\" href=\"https:\/\/www.amicaledessommeliers.com\/Outaouais\/la-lie-2\/\">Lire la suite&#8230;<\/a><\/p>\n","protected":false},"author":3,"featured_media":0,"parent":0,"menu_order":0,"comment_status":"closed","ping_status":"closed","template":"","meta":{"_seopress_robots_primary_cat":"","_seopress_titles_title":"","_seopress_titles_desc":"","_seopress_robots_index":"","footnotes":""},"class_list":["post-4514","page","type-page","status-publish","hentry"],"_links":{"self":[{"href":"https:\/\/www.amicaledessommeliers.com\/Outaouais\/wp-json\/wp\/v2\/pages\/4514","targetHints":{"allow":["GET"]}}],"collection":[{"href":"https:\/\/www.amicaledessommeliers.com\/Outaouais\/wp-json\/wp\/v2\/pages"}],"about":[{"href":"https:\/\/www.amicaledessommeliers.com\/Outaouais\/wp-json\/wp\/v2\/types\/page"}],"author":[{"embeddable":true,"href":"https:\/\/www.amicaledessommeliers.com\/Outaouais\/wp-json\/wp\/v2\/users\/3"}],"replies":[{"embeddable":true,"href":"https:\/\/www.amicaledessommeliers.com\/Outaouais\/wp-json\/wp\/v2\/comments?post=4514"}],"version-history":[{"count":33,"href":"https:\/\/www.amicaledessommeliers.com\/Outaouais\/wp-json\/wp\/v2\/pages\/4514\/revisions"}],"predecessor-version":[{"id":5800,"href":"https:\/\/www.amicaledessommeliers.com\/Outaouais\/wp-json\/wp\/v2\/pages\/4514\/revisions\/5800"}],"wp:attachment":[{"href":"https:\/\/www.amicaledessommeliers.com\/Outaouais\/wp-json\/wp\/v2\/media?parent=4514"}],"curies":[{"name":"wp","href":"https:\/\/api.w.org\/{rel}","templated":true}]}}