{"id":48,"date":"2011-06-22T18:25:56","date_gmt":"2011-06-23T01:25:56","guid":{"rendered":"http:\/\/www.amicaledessommeliers.com\/wordpressOU\/?page_id=48"},"modified":"2025-08-14T11:47:19","modified_gmt":"2025-08-14T18:47:19","slug":"cours-1","status":"publish","type":"page","link":"https:\/\/www.amicaledessommeliers.com\/Outaouais\/cours\/cours-1\/","title":{"rendered":"Cours &#8211; Initiation"},"content":{"rendered":"<p><strong>Initiation \u00e0 la d\u00e9gustation<\/strong><\/p>\n<p>Section Outaouais : membres \u00e0 190 $ \u2013 non-membres \u00e0 190 $. Comprend pour les 4 soirs, le mat\u00e9riel didactique, la d\u00e9gustation d\u2019au moins quatre vins \u00e0 chaque cours et une attestation de r\u00e9ussite ou de participation.<\/p>\n<p><strong>Description<\/strong><\/p>\n<p><strong>Pr\u00e9requis <\/strong>: Ce cours est pour toute personne qui appr\u00e9cie le vin et souhaite apprendre \u00e0 le d\u00e9guster dans les r\u00e8gles de l\u2019art.<\/p>\n<p><strong>Format <\/strong>: Quatre sessions bas\u00e9es sur la connaissance technique de la d\u00e9gustation du vin et des accords des mets et des vins.<\/p>\n<p><strong>Objectifs<\/strong><\/p>\n<ul>\n<li>Ma\u00eetriser la technique de d\u00e9gustation du vin;<\/li>\n<li>Permettre une meilleure compr\u00e9hension de ce qu\u2019est un vin;<\/li>\n<li>Apprendre \u00e0 s\u2019y retrouver parmi les vins qui nous sont offerts;<\/li>\n<li>D\u00e9couvrir comment appr\u00e9cier le vin et l\u2019agencer avec certains mets.<\/li>\n<\/ul>\n<p><strong>Contenu<\/strong><\/p>\n<ul>\n<li>La d\u00e9gustation et ses diverses \u00e9tapes;<\/li>\n<li>Culture de la vigne et processus de vinification;<\/li>\n<li>Survol des vignobles du monde;<\/li>\n<li>Lecture des \u00e9tiquettes et classement des vins;<\/li>\n<li>Service et conservation des vins;<\/li>\n<li>Initiation \u00e0 l\u2019accord des mets et des vins.<\/li>\n<\/ul>\n<p><a href=\"https:\/\/www.amicaledessommeliers.com\/Outaouais\/cours\/calendrier-des-cours\/\">calendrier et Inscription<\/a><\/p>\n<p><strong>Promotion : Toute personne non-membre suivant le cours \u00ab Initiation \u00e0 la d\u00e9gustation \u00bb recevra une adh\u00e9sion gratuite pour la saison 2025-2026 (1<sup>er<\/sup> septembre 2025 au 31 ao\u00fbt 2026) et un rabais de 25 $ lors de son inscription \u00e0 une activit\u00e9 de la section Outaouais pr\u00e9vue au calendrier de la saison en cours.<\/strong><\/p>\n<p><strong>Renseignements\u00a0: <\/strong>Yves Bovet \u00e0 <a href=\"mailto:ASQO-cours@amicaledessommeliers.com\">ASQO-cours@amicaledessommeliers.com<\/a> ou au 819 778-6605.\u00a0Vous avez des questions ou vous d\u00e9sirez obtenir plus d&rsquo;information sur les cours de l&rsquo;Amicale des sommeliers du Qu\u00e9bec en Outaouais, communiquez avec Yves, il se fera un plaisir de vous r\u00e9pondre.<\/p>\n","protected":false},"excerpt":{"rendered":"<p>Initiation \u00e0 la d\u00e9gustation Section Outaouais : membres \u00e0 190 $ \u2013 non-membres \u00e0 190 $. Comprend pour les 4 soirs, le mat\u00e9riel didactique, la d\u00e9gustation d\u2019au moins quatre vins \u00e0 chaque cours et une attestation de r\u00e9ussite ou de participation. Description Pr\u00e9requis : Ce cours est pour toute personne qui appr\u00e9cie le vin et souhaite apprendre \u00e0 le d\u00e9guster dans les r\u00e8gles de l\u2019art. Format : Quatre sessions bas\u00e9es<\/p>\n<p><a class=\"more-link\" href=\"https:\/\/www.amicaledessommeliers.com\/Outaouais\/cours\/cours-1\/\">Lire la suite&#8230;<\/a><\/p>\n","protected":false},"author":3,"featured_media":0,"parent":266,"menu_order":1,"comment_status":"closed","ping_status":"open","template":"","meta":{"_seopress_robots_primary_cat":"","_seopress_titles_title":"","_seopress_titles_desc":"","_seopress_robots_index":"","footnotes":""},"class_list":["post-48","page","type-page","status-publish","hentry"],"_links":{"self":[{"href":"https:\/\/www.amicaledessommeliers.com\/Outaouais\/wp-json\/wp\/v2\/pages\/48","targetHints":{"allow":["GET"]}}],"collection":[{"href":"https:\/\/www.amicaledessommeliers.com\/Outaouais\/wp-json\/wp\/v2\/pages"}],"about":[{"href":"https:\/\/www.amicaledessommeliers.com\/Outaouais\/wp-json\/wp\/v2\/types\/page"}],"author":[{"embeddable":true,"href":"https:\/\/www.amicaledessommeliers.com\/Outaouais\/wp-json\/wp\/v2\/users\/3"}],"replies":[{"embeddable":true,"href":"https:\/\/www.amicaledessommeliers.com\/Outaouais\/wp-json\/wp\/v2\/comments?post=48"}],"version-history":[{"count":88,"href":"https:\/\/www.amicaledessommeliers.com\/Outaouais\/wp-json\/wp\/v2\/pages\/48\/revisions"}],"predecessor-version":[{"id":6027,"href":"https:\/\/www.amicaledessommeliers.com\/Outaouais\/wp-json\/wp\/v2\/pages\/48\/revisions\/6027"}],"up":[{"embeddable":true,"href":"https:\/\/www.amicaledessommeliers.com\/Outaouais\/wp-json\/wp\/v2\/pages\/266"}],"wp:attachment":[{"href":"https:\/\/www.amicaledessommeliers.com\/Outaouais\/wp-json\/wp\/v2\/media?parent=48"}],"curies":[{"name":"wp","href":"https:\/\/api.w.org\/{rel}","templated":true}]}}