{"id":4990,"date":"2023-02-13T09:26:32","date_gmt":"2023-02-13T16:26:32","guid":{"rendered":"https:\/\/www.amicaledessommeliers.com\/Outaouais\/?page_id=4990"},"modified":"2025-08-14T12:03:52","modified_gmt":"2025-08-14T19:03:52","slug":"atelier-vins-du-canada-quebec","status":"publish","type":"page","link":"https:\/\/www.amicaledessommeliers.com\/Outaouais\/cours\/atelier-vins-du-canada-quebec\/","title":{"rendered":"Atelier \u2013 Vins du Canada-Qu\u00e9bec"},"content":{"rendered":"\n<p>Section Outaouais : membres \u00e0 120 $ \u2013 non-membres \u00e0 120 $. Comprend pour 2 soirs, le mat\u00e9riel didactique et la d\u00e9gustation d\u2019au moins cinq vins de qualit\u00e9 par soir.<\/p>\n\n\n\n<p>Description<br>Pr\u00e9requis : Toute personne qui a une connaissance de base de la d\u00e9gustation et d\u00e9sire en apprendre davantage.<\/p>\n\n\n\n<p>Format : Deux cours bas\u00e9s \u00e0 la fois sur la d\u00e9couverte des vignobles canadiens et qu\u00e9b\u00e9cois et sur la connaissance pratique de l\u2019art de la d\u00e9gustation.<\/p>\n\n\n\n<p>Objectifs<br>\u2022 Acqu\u00e9rir une connaissance des vignobles canadiens et qu\u00e9b\u00e9cois, des r\u00e8gles et des normes qui le r\u00e9gissent.<br>\u2022 D\u00e9couvrir les principales r\u00e9gions viticoles du Canada et du Qu\u00e9bec.<br>\u2022 D\u00e9velopper et perfectionner la technique de la d\u00e9gustation.<\/p>\n\n\n\n<p>Contenu<br>\u2022 Aper\u00e7u, histoire, g\u00e9ographie, climat, c\u00e9pages et terminologie viticole du Canada et du Qu\u00e9bec.<br>\u2022 \u00c9tude du syst\u00e8me d\u2019appellations et compr\u00e9hension des \u00e9tiquettes de bouteilles.<br>\u2022 \u00c9tude des principales r\u00e9gions viticoles du Canada (Ontario, Colombie-Britannique et Nouvelle-\u00c9cosse) et particuli\u00e8rement du Qu\u00e9bec.<br>\u2022 Exercices pratiques de d\u00e9gustation et approfondissement du vocabulaire.<\/p>\n\n\n\n<p><a href=\"https:\/\/www.amicaledessommeliers.com\/Outaouais\/cours\/calendrier-des-cours\/\">calendrier et Inscription<\/a><\/p>\n\n\n\n<p><strong>Renseignements\u00a0: <\/strong>Yves Bovet \u00e0 <a href=\"mailto:ASQO-cours@amicaledessommeliers.com\">ASQO-cours@amicaledessommeliers.com<\/a> ou au 819 778-6605.\u00a0Vous avez des questions ou vous d\u00e9sirez obtenir plus d&rsquo;information sur les cours de l&rsquo;Amicale des sommeliers du Qu\u00e9bec en Outaouais, communiquez avec Yves, il se fera un plaisir de vous r\u00e9pondre.<\/p>\n","protected":false},"excerpt":{"rendered":"<p>Section Outaouais : membres \u00e0 120 $ \u2013 non-membres \u00e0 120 $. Comprend pour 2 soirs, le mat\u00e9riel didactique et la d\u00e9gustation d\u2019au moins cinq vins de qualit\u00e9 par soir. DescriptionPr\u00e9requis : Toute personne qui a une connaissance de base de la d\u00e9gustation et d\u00e9sire en apprendre davantage. Format : Deux cours bas\u00e9s \u00e0 la fois sur la d\u00e9couverte des vignobles canadiens et qu\u00e9b\u00e9cois et sur la connaissance pratique de<\/p>\n<p><a class=\"more-link\" href=\"https:\/\/www.amicaledessommeliers.com\/Outaouais\/cours\/atelier-vins-du-canada-quebec\/\">Lire la suite&#8230;<\/a><\/p>\n","protected":false},"author":3,"featured_media":0,"parent":266,"menu_order":0,"comment_status":"closed","ping_status":"closed","template":"","meta":{"_seopress_robots_primary_cat":"","_seopress_titles_title":"Atelier \u2013 Vins du Canada-Qu\u00e9bec","_seopress_titles_desc":"Atelier \u2013 Vins du Canada-Qu\u00e9bec\r\nSection Outaouais : Comprend pour 2 soirs, le mat\u00e9riel didactique et la d\u00e9gustation d\u2019au moins cinq vins de qualit\u00e9 par soir.\r\n \r\nDescription\r\nPr\u00e9requis : Toute personne qui a une connaissance de base de la d\u00e9gustation et d\u00e9sire en apprendre davantage.\r\n \r\nFormat : Deux cours bas\u00e9s \u00e0 la fois sur la d\u00e9couverte des vignobles canadiens et qu\u00e9b\u00e9cois et sur la connaissance pratique de l\u2019art de la d\u00e9gustation.\r\n \r\nObjectifs :\r\n\u2022 Acqu\u00e9rir une connaissance des vignobles canadiens et qu\u00e9b\u00e9cois, des r\u00e8gles et des normes qui le r\u00e9gissent.\r\n\u2022 D\u00e9couvrir les principales r\u00e9gions viticoles du Canada et du Qu\u00e9bec.\r\n\u2022 D\u00e9velopper et perfectionner la technique de la d\u00e9gustation.\r\n \r\nContenu :\r\n\u2022 Aper\u00e7u, histoire, g\u00e9ographie, climat, c\u00e9pages et terminologie viticole du Canada et du Qu\u00e9bec.\r\n\u2022 \u00c9tude du syst\u00e8me d\u2019appellations et compr\u00e9hension des \u00e9tiquettes de bouteilles.\r\n\u2022 \u00c9tude des principales r\u00e9gions viticoles du Canada (Ontario, Colombie-Britannique et Nouvelle-\u00c9cosse) et particuli\u00e8rement du Qu\u00e9bec.\r\n\u2022 Exercices pratiques de d\u00e9gustation et approfondissement du vocabulaire.","_seopress_robots_index":"","footnotes":""},"class_list":["post-4990","page","type-page","status-publish","hentry"],"_links":{"self":[{"href":"https:\/\/www.amicaledessommeliers.com\/Outaouais\/wp-json\/wp\/v2\/pages\/4990","targetHints":{"allow":["GET"]}}],"collection":[{"href":"https:\/\/www.amicaledessommeliers.com\/Outaouais\/wp-json\/wp\/v2\/pages"}],"about":[{"href":"https:\/\/www.amicaledessommeliers.com\/Outaouais\/wp-json\/wp\/v2\/types\/page"}],"author":[{"embeddable":true,"href":"https:\/\/www.amicaledessommeliers.com\/Outaouais\/wp-json\/wp\/v2\/users\/3"}],"replies":[{"embeddable":true,"href":"https:\/\/www.amicaledessommeliers.com\/Outaouais\/wp-json\/wp\/v2\/comments?post=4990"}],"version-history":[{"count":7,"href":"https:\/\/www.amicaledessommeliers.com\/Outaouais\/wp-json\/wp\/v2\/pages\/4990\/revisions"}],"predecessor-version":[{"id":6037,"href":"https:\/\/www.amicaledessommeliers.com\/Outaouais\/wp-json\/wp\/v2\/pages\/4990\/revisions\/6037"}],"up":[{"embeddable":true,"href":"https:\/\/www.amicaledessommeliers.com\/Outaouais\/wp-json\/wp\/v2\/pages\/266"}],"wp:attachment":[{"href":"https:\/\/www.amicaledessommeliers.com\/Outaouais\/wp-json\/wp\/v2\/media?parent=4990"}],"curies":[{"name":"wp","href":"https:\/\/api.w.org\/{rel}","templated":true}]}}