{"id":5448,"date":"2024-08-06T07:06:37","date_gmt":"2024-08-06T14:06:37","guid":{"rendered":"https:\/\/www.amicaledessommeliers.com\/Outaouais\/?page_id=5448"},"modified":"2025-08-14T12:06:36","modified_gmt":"2025-08-14T19:06:36","slug":"atelier-le-vin-decrypte-la-science-et-la-degustation","status":"publish","type":"page","link":"https:\/\/www.amicaledessommeliers.com\/Outaouais\/atelier-le-vin-decrypte-la-science-et-la-degustation\/","title":{"rendered":"Atelier &#8211; Le vin d\u00e9crypt\u00e9, la science et la d\u00e9gustation"},"content":{"rendered":"\n<p>Section Outaouais : membres \u00e0 120 $ \u2013 non-membres \u00e0 120 $. Comprend pour 2 soirs, le mat\u00e9riel didactique et la d\u00e9gustation d\u2019au moins cinq vins de qualit\u00e9 par soir.<\/p>\n\n\n\n<p>Description<br>Pr\u00e9requis : Toute personne qui a une connaissance de base de la d\u00e9gustation et d\u00e9sire en apprendre davantage.<\/p>\n\n\n\n<p>Format : Deux cours bas\u00e9s sur la d\u00e9couverte des multiples facettes du vin et sur la connaissance pratique de l\u2019art de la d\u00e9gustation.<\/p>\n\n\n\n<p>Objectifs<br>Plongez dans l&rsquo;univers captivant\u00a0du\u00a0vin \u00e0 travers ce\u00a0cours\u00a0qui explore ses multiples facettes. D\u00e9couvrez les secrets visuels\u00a0du\u00a0vin,\u00a0de\u00a0la lumi\u00e8re \u00e0 la robe, explorez les nuances\u00a0des\u00a0mol\u00e9cules\u00a0du\u00a0vin\u00a0 et comprenez les subtilit\u00e9s\u00a0du\u00a0vieillissement. Plongez-vous dans le monde olfactif avec une exploration approfondie\u00a0des\u00a0ar\u00f4mes,\u00a0des\u00a0types\u00a0de\u00a0verres et une discussion sur les d\u00e9fauts potentiels\u00a0du\u00a0vin. Partez ensuite pour un voyage gustatif \u00e0 travers les saveurs\u00a0de\u00a0base et apprenez \u00e0 appr\u00e9cier les accords parfaits avec diff\u00e9rents c\u00e9pages. Explorez les additifs, la conservation, la gestion\u00a0de\u00a0cave \u00e0 vin, la fraude et les allerg\u00e8nes, et terminez en comprenant l&rsquo;art\u00a0de\u00a0la d\u00e9gustation. Ce\u00a0cours\u00a0offre une exp\u00e9rience pour les amateurs\u00a0de\u00a0vin et les novices passionn\u00e9s, promettant une aventure \u00e9ducative au c\u0153ur\u00a0du\u00a0monde\u00a0du\u00a0vin.<\/p>\n\n\n\n<p><\/p>\n\n\n\n<p><a href=\"https:\/\/www.amicaledessommeliers.com\/Outaouais\/cours\/calendrier-des-cours\/\">calendrier et Inscription<\/a><\/p>\n\n\n\n<p><strong>Renseignements\u00a0: <\/strong>Yves Bovet \u00e0 <a href=\"mailto:ASQO-cours@amicaledessommeliers.com\">ASQO-cours@amicaledessommeliers.com<\/a> ou au 819 778-6605.\u00a0Vous avez des questions ou vous d\u00e9sirez obtenir plus d&rsquo;information sur les cours de l&rsquo;Amicale des sommeliers du Qu\u00e9bec en Outaouais, communiquez avec Yves, il se fera un plaisir de vous r\u00e9pondre.<\/p>\n\n\n\n<p><\/p>\n","protected":false},"excerpt":{"rendered":"<p>Section Outaouais : membres \u00e0 120 $ \u2013 non-membres \u00e0 120 $. Comprend pour 2 soirs, le mat\u00e9riel didactique et la d\u00e9gustation d\u2019au moins cinq vins de qualit\u00e9 par soir. DescriptionPr\u00e9requis : Toute personne qui a une connaissance de base de la d\u00e9gustation et d\u00e9sire en apprendre davantage. Format : Deux cours bas\u00e9s sur la d\u00e9couverte des multiples facettes du vin et sur la connaissance pratique de l\u2019art de la<\/p>\n<p><a class=\"more-link\" href=\"https:\/\/www.amicaledessommeliers.com\/Outaouais\/atelier-le-vin-decrypte-la-science-et-la-degustation\/\">Lire la suite&#8230;<\/a><\/p>\n","protected":false},"author":3,"featured_media":0,"parent":0,"menu_order":0,"comment_status":"closed","ping_status":"closed","template":"","meta":{"_seopress_robots_primary_cat":"","_seopress_titles_title":"","_seopress_titles_desc":"","_seopress_robots_index":"","footnotes":""},"class_list":["post-5448","page","type-page","status-publish","hentry"],"_links":{"self":[{"href":"https:\/\/www.amicaledessommeliers.com\/Outaouais\/wp-json\/wp\/v2\/pages\/5448","targetHints":{"allow":["GET"]}}],"collection":[{"href":"https:\/\/www.amicaledessommeliers.com\/Outaouais\/wp-json\/wp\/v2\/pages"}],"about":[{"href":"https:\/\/www.amicaledessommeliers.com\/Outaouais\/wp-json\/wp\/v2\/types\/page"}],"author":[{"embeddable":true,"href":"https:\/\/www.amicaledessommeliers.com\/Outaouais\/wp-json\/wp\/v2\/users\/3"}],"replies":[{"embeddable":true,"href":"https:\/\/www.amicaledessommeliers.com\/Outaouais\/wp-json\/wp\/v2\/comments?post=5448"}],"version-history":[{"count":4,"href":"https:\/\/www.amicaledessommeliers.com\/Outaouais\/wp-json\/wp\/v2\/pages\/5448\/revisions"}],"predecessor-version":[{"id":6040,"href":"https:\/\/www.amicaledessommeliers.com\/Outaouais\/wp-json\/wp\/v2\/pages\/5448\/revisions\/6040"}],"wp:attachment":[{"href":"https:\/\/www.amicaledessommeliers.com\/Outaouais\/wp-json\/wp\/v2\/media?parent=5448"}],"curies":[{"name":"wp","href":"https:\/\/api.w.org\/{rel}","templated":true}]}}