{"id":766,"date":"2012-11-27T18:29:40","date_gmt":"2012-11-28T01:29:40","guid":{"rendered":"http:\/\/www.amicaledessommeliers.com\/ASQO\/?page_id=766"},"modified":"2025-10-30T07:02:40","modified_gmt":"2025-10-30T14:02:40","slug":"promotions","status":"publish","type":"page","link":"https:\/\/www.amicaledessommeliers.com\/Outaouais\/promotions\/","title":{"rendered":"Promotions"},"content":{"rendered":"\t\t<div data-elementor-type=\"wp-page\" data-elementor-id=\"766\" class=\"elementor elementor-766\">\n\t\t\t\t\t\t<section class=\"elementor-section elementor-top-section elementor-element elementor-element-777e8aa elementor-section-boxed elementor-section-height-default elementor-section-height-default\" data-id=\"777e8aa\" data-element_type=\"section\">\n\t\t\t\t\t\t<div class=\"elementor-container elementor-column-gap-default\">\n\t\t\t\t\t<div class=\"elementor-column elementor-col-100 elementor-top-column elementor-element elementor-element-5787e9d8\" data-id=\"5787e9d8\" data-element_type=\"column\">\n\t\t\t<div class=\"elementor-widget-wrap elementor-element-populated\">\n\t\t\t\t\t\t<div class=\"elementor-element elementor-element-74bcf517 elementor-widget elementor-widget-text-editor\" data-id=\"74bcf517\" data-element_type=\"widget\" data-widget_type=\"text-editor.default\">\n\t\t\t\t<div class=\"elementor-widget-container\">\n\t\t\t\t\t\t\t<h4>Programme de promotions 2025-2026<\/h4><p>Les commerces suivants participent au programme de promotions de l\u2019Amicale des Sommeliers du Qu\u00e9bec et offrent des rabais sous diverses formes aux membres en r\u00e8gle de l\u2019Amicale des Sommeliers du Qu\u00e9bec (toutes les sections) jusqu\u2019au 30 septembre 2026 selon les modalit\u00e9s pr\u00e9cis\u00e9es ci dessous.<\/p><h3><a href=\"https:\/\/www.amicaledessommeliers.com\/Outaouais\/wp-content\/uploads\/2025\/10\/ASQO_Promotion_2025-26_2025-10-16.pdf\">Voir le programme<\/a><\/h3>\t\t\t\t\t\t<\/div>\n\t\t\t\t<\/div>\n\t\t\t\t\t<\/div>\n\t\t<\/div>\n\t\t\t\t\t<\/div>\n\t\t<\/section>\n\t\t\t\t<\/div>\n\t\t","protected":false},"excerpt":{"rendered":"<p>Programme de promotions 2025-2026 Les commerces suivants participent au programme de promotions de l\u2019Amicale des Sommeliers du Qu\u00e9bec et offrent des rabais sous diverses formes aux membres en r\u00e8gle de l\u2019Amicale des Sommeliers du Qu\u00e9bec (toutes les sections) jusqu\u2019au 30 septembre 2026 selon les modalit\u00e9s pr\u00e9cis\u00e9es ci dessous. Voir le programme<\/p>\n","protected":false},"author":7,"featured_media":0,"parent":0,"menu_order":6,"comment_status":"open","ping_status":"open","template":"","meta":{"_seopress_robots_primary_cat":"","_seopress_titles_title":"","_seopress_titles_desc":"","_seopress_robots_index":"","footnotes":""},"class_list":["post-766","page","type-page","status-publish","hentry"],"_links":{"self":[{"href":"https:\/\/www.amicaledessommeliers.com\/Outaouais\/wp-json\/wp\/v2\/pages\/766","targetHints":{"allow":["GET"]}}],"collection":[{"href":"https:\/\/www.amicaledessommeliers.com\/Outaouais\/wp-json\/wp\/v2\/pages"}],"about":[{"href":"https:\/\/www.amicaledessommeliers.com\/Outaouais\/wp-json\/wp\/v2\/types\/page"}],"author":[{"embeddable":true,"href":"https:\/\/www.amicaledessommeliers.com\/Outaouais\/wp-json\/wp\/v2\/users\/7"}],"replies":[{"embeddable":true,"href":"https:\/\/www.amicaledessommeliers.com\/Outaouais\/wp-json\/wp\/v2\/comments?post=766"}],"version-history":[{"count":174,"href":"https:\/\/www.amicaledessommeliers.com\/Outaouais\/wp-json\/wp\/v2\/pages\/766\/revisions"}],"predecessor-version":[{"id":6182,"href":"https:\/\/www.amicaledessommeliers.com\/Outaouais\/wp-json\/wp\/v2\/pages\/766\/revisions\/6182"}],"wp:attachment":[{"href":"https:\/\/www.amicaledessommeliers.com\/Outaouais\/wp-json\/wp\/v2\/media?parent=766"}],"curies":[{"name":"wp","href":"https:\/\/api.w.org\/{rel}","templated":true}]}}